{"id":3990,"date":"2017-10-19T14:55:59","date_gmt":"2017-10-19T13:55:59","guid":{"rendered":"http:\/\/www.pixelsconsulting.com\/?page_id=3990"},"modified":"2017-12-21T15:21:56","modified_gmt":"2017-12-21T14:21:56","slug":"formation","status":"publish","type":"page","link":"https:\/\/www.pixelsconsulting.com\/index.php\/formation\/","title":{"rendered":"FORMATION"},"content":{"rendered":"\n<div class=\"twitter-share\"><a href=\"https:\/\/twitter.com\/intent\/tweet?via=PixelsConsulti1\" class=\"twitter-share-button\" data-size=\"large\">Tweet<\/a><\/div>\n<p>[vc_row full_width=\u00a0\u00bbstretch_row\u00a0\u00bb video_bg=\u00a0\u00bbyes\u00a0\u00bb video_bg_url=\u00a0\u00bbhttps:\/\/www.youtube.com\/watch?v=yE4wcSQSxpE\u00a0\u00bb css=\u00a0\u00bb.vc_custom_1512387548489{margin-top: 20px !important;}\u00a0\u00bb][vc_column][vc_custom_heading source=\u00a0\u00bbpost_title\u00a0\u00bb font_container=\u00a0\u00bbtag:h1|font_size:35px|text_align:center|color:%23ffffff|line_height:90px\u00a0\u00bb use_theme_fonts=\u00a0\u00bbyes\u00a0\u00bb css_animation=\u00a0\u00bbfadeIn\u00a0\u00bb css=\u00a0\u00bb.vc_custom_1513786168748{background-color: rgba(0,0,0,0.42) !important;*background-color: rgb(0,0,0) !important;}\u00a0\u00bb][vc_row_inner equal_height=\u00a0\u00bbyes\u00a0\u00bb css=\u00a0\u00bb.vc_custom_1512388123572{background-color: rgba(84,141,191,0.85) !important;*background-color: rgb(84,141,191) !important;border-radius: 10px !important;}\u00a0\u00bb][vc_column_inner width=\u00a0\u00bb1\/4&Prime;][vc_single_image image=\u00a0\u00bb4120&Prime; img_size=\u00a0\u00bbfull\u00a0\u00bb alignment=\u00a0\u00bbcenter\u00a0\u00bb][\/vc_column_inner][vc_column_inner width=\u00a0\u00bb3\/4&Prime;][vc_column_text]<\/p>\n<h4><span style=\"color: #ffffff;\"><strong><i>Vous souhaitez accompagner vos collaborateurs, leur donner l&rsquo;occasion de mieux se conna\u00eetre, d\u00e9velopper leur potentiel, contribuer \u00e0 leur bien \u00eatre au travail &#8230;<\/i><\/strong><\/span><\/h4>\n<p>[\/vc_column_text][\/vc_column_inner][\/vc_row_inner][vc_cta h2=\u00a0\u00bbAider vos collaborateurs \u00e0 travailler en toute s\u00e9r\u00e9nit\u00e9\u00a0\u00bb txt_align=\u00a0\u00bbcenter\u00a0\u00bb color=\u00a0\u00bbjuicy-pink\u00a0\u00bb add_button=\u00a0\u00bbtop\u00a0\u00bb btn_title=\u00a0\u00bbEn savoir plus\u00a0\u00bb btn_color=\u00a0\u00bbjuicy-pink\u00a0\u00bb btn_size=\u00a0\u00bblg\u00a0\u00bb btn_align=\u00a0\u00bbcenter\u00a0\u00bb btn_button_block=\u00a0\u00bbtrue\u00a0\u00bb btn_link=\u00a0\u00bburl:http%3A%2F%2Fwww.pixelsconsulting.com%2Findex.php%2Fcontact%2F|||\u00a0\u00bb][\/vc_cta][\/vc_column][\/vc_row][vc_row][vc_column][vc_custom_heading text=\u00a0\u00bbL\u2019approche de Pixels Consulting est tr\u00e8s pragmatique : elle s\u2019appuie sur des outils simples, pratiques et applicables imm\u00e9diatement \u00e0 travers plusieurs modules.\u00a0\u00bb font_container=\u00a0\u00bbtag:p|font_size:15|text_align:justify\u00a0\u00bb use_theme_fonts=\u00a0\u00bbyes\u00a0\u00bb][\/vc_column][\/vc_row][vc_row][vc_column][vc_single_image image=\u00a0\u00bb4255&Prime; img_size=\u00a0\u00bbfull\u00a0\u00bb alignment=\u00a0\u00bbcenter\u00a0\u00bb style=\u00a0\u00bbvc_box_shadow\u00a0\u00bb onclick=\u00a0\u00bbzoom\u00a0\u00bb css_animation=\u00a0\u00bbbounceIn\u00a0\u00bb][vc_single_image image=\u00a0\u00bb3666&Prime; alignment=\u00a0\u00bbcenter\u00a0\u00bb][\/vc_column][\/vc_row][vc_row gap=\u00a0\u00bb20&Prime; equal_height=\u00a0\u00bbyes\u00a0\u00bb el_class=\u00a0\u00bbshadow\u00a0\u00bb css=\u00a0\u00bb.vc_custom_1512389572897{margin-bottom: 25px !important;background-color: #f7f7f7 !important;}\u00a0\u00bb][vc_column width=\u00a0\u00bb1\/2&Prime;]<div class=\"fancy_heading fancy_heading_line\"><h1 class=\"title\">Vos objectifs<\/h1><\/div>\n[vc_column_text]Accompagner vos collaborateurs en les aidant \u00e0 :<\/p>\n<ul>\n<li>Renforcer leur confiance face aux missions confi\u00e9es<\/li>\n<li>G\u00e9rer leur stress en situations particuli\u00e8res<\/li>\n<li>Am\u00e9liorer leur communication relationnelle<\/li>\n<li>Savoir prendre la parole en public<\/li>\n<li>S\u2019affirmer pleinement lors de leurs interventions<\/li>\n<li>Accompagner leurs transitions professionnelles\u2026<\/li>\n<\/ul>\n<p>[\/vc_column_text][\/vc_column][vc_column width=\u00a0\u00bb1\/2&Prime;]<div class=\"fancy_heading fancy_heading_line\"><h1 class=\"title\">Le d\u00e9roulement<\/h1><\/div>\n[vc_column_text]<\/p>\n<ul>\n<li>Module de 2 jours (14h)<\/li>\n<li>Groupe de 6 \u00e0 10 personnes<\/li>\n<li>Alternance d\u2019apports th\u00e9oriques et mise en situation (temps d\u2019expos\u00e9, t\u00e9moignages, entra\u00eenement en bin\u00f4me \/ trin\u00f4me, \u00e9changes, r\u00e9flexions)<\/li>\n<li>Remise d\u2019un support p\u00e9dagogique<\/li>\n<\/ul>\n<p>[\/vc_column_text][\/vc_column][\/vc_row][vc_row][vc_column][vc_btn title=\u00a0\u00bb d&rsquo;infos\u00a0\u00bb color=\u00a0\u00bbgreen\u00a0\u00bb size=\u00a0\u00bblg\u00a0\u00bb align=\u00a0\u00bbcenter\u00a0\u00bb i_icon_fontawesome=\u00a0\u00bbfa fa-plus\u00a0\u00bb css_animation=\u00a0\u00bbtop-to-bottom\u00a0\u00bb button_block=\u00a0\u00bbtrue\u00a0\u00bb add_icon=\u00a0\u00bbtrue\u00a0\u00bb custom_onclick=\u00a0\u00bbtrue\u00a0\u00bb css=\u00a0\u00bb.vc_custom_1513866080773{margin-bottom: 0px !important;margin-left: 0px !important;border-bottom-width: 0px !important;padding-bottom: 0px !important;background-position: center !important;background-repeat: no-repeat !important;background-size: contain !important;border-bottom-color: #000000 !important;}\u00a0\u00bb link=\u00a0\u00bburl:http%3A%2F%2Fwww.pixelsconsulting.com%2Findex.php%2Fcontact%2F|||\u00a0\u00bb][\/vc_column][\/vc_row]<\/p>\n\n<div class=\"twitter-share\"><a href=\"https:\/\/twitter.com\/intent\/tweet?via=PixelsConsulti1\" class=\"twitter-share-button\" data-size=\"large\">Tweet<\/a><\/div>\n","protected":false},"excerpt":{"rendered":"<p>[vc_row full_width=\u00a0\u00bbstretch_row\u00a0\u00bb video_bg=\u00a0\u00bbyes\u00a0\u00bb video_bg_url=\u00a0\u00bbhttps:\/\/www.youtube.com\/watch?v=yE4wcSQSxpE\u00a0\u00bb css=\u00a0\u00bb.vc_custom_1512387548489{margin-top: 20px !important;}\u00a0\u00bb][vc_column][vc_custom_heading source=\u00a0\u00bbpost_title\u00a0\u00bb font_container=\u00a0\u00bbtag:h1|font_size:35px|text_align:center|color:%23ffffff|line_height:90px\u00a0\u00bb use_theme_fonts=\u00a0\u00bbyes\u00a0\u00bb css_animation=\u00a0\u00bbfadeIn\u00a0\u00bb css=\u00a0\u00bb.vc_custom_1513786168748{background-color: rgba(0,0,0,0.42) !important;*background-color: rgb(0,0,0) !important;}\u00a0\u00bb][vc_row_inner equal_height=\u00a0\u00bbyes\u00a0\u00bb css=\u00a0\u00bb.vc_custom_1512388123572{background-color: rgba(84,141,191,0.85) !important;*background-color: rgb(84,141,191) !important;border-radius: 10px !important;}\u00a0\u00bb][vc_column_inner width=\u00a0\u00bb1\/4&Prime;][vc_single_image image=\u00a0\u00bb4120&Prime; [&hellip;]<\/p>\n","protected":false},"author":3,"featured_media":0,"parent":0,"menu_order":0,"comment_status":"closed","ping_status":"closed","template":"","meta":{"spay_email":"","footnotes":""},"yoast_head":"<!-- This site is optimized with the Yoast SEO plugin v14.6 - https:\/\/yoast.com\/wordpress\/plugins\/seo\/ -->\n<title>FORMATION - PIXELSCONSULTING<\/title>\n<meta name=\"robots\" content=\"index, follow\" \/>\n<meta name=\"googlebot\" content=\"index, follow, max-snippet:-1, max-image-preview:large, max-video-preview:-1\" \/>\n<meta name=\"bingbot\" content=\"index, follow, max-snippet:-1, max-image-preview:large, max-video-preview:-1\" \/>\n<link rel=\"canonical\" href=\"http:\/\/www.pixelsconsulting.com\/index.php\/formation\/\" \/>\n<meta property=\"og:locale\" content=\"fr_FR\" \/>\n<meta property=\"og:type\" content=\"article\" \/>\n<meta property=\"og:title\" content=\"FORMATION\" \/>\n<meta property=\"og:description\" content=\"[vc_row full_width=\u00a0\u00bbstretch_row\u00a0\u00bb video_bg=\u00a0\u00bbyes\u00a0\u00bb video_bg_url=\u00a0\u00bbhttps:\/\/www.youtube.com\/watch?v=yE4wcSQSxpE\u00a0\u00bb css=\u00a0\u00bb.vc_custom_1512387548489{margin-top: 20px !important;}\u00a0\u00bb][vc_column][vc_custom_heading source=\u00a0\u00bbpost_title\u00a0\u00bb font_container=\u00a0\u00bbtag:h1|font_size:35px|text_align:center|color:%23ffffff|line_height:90px\u00a0\u00bb use_theme_fonts=\u00a0\u00bbyes\u00a0\u00bb css_animation=\u00a0\u00bbfadeIn\u00a0\u00bb css=\u00a0\u00bb.vc_custom_1513786168748{background-color: rgba(0,0,0,0.42) !important;*background-color: rgb(0,0,0) !important;}\u00a0\u00bb][vc_row_inner equal_height=\u00a0\u00bbyes\u00a0\u00bb css=\u00a0\u00bb.vc_custom_1512388123572{background-color: rgba(84,141,191,0.85) !important;*background-color: rgb(84,141,191) !important;border-radius: 10px !important;}\u00a0\u00bb][vc_column_inner width=\u00a0\u00bb1\/4&Prime;][vc_single_image image=\u00a0\u00bb4120&Prime; [&hellip;]\" \/>\n<meta property=\"og:url\" content=\"http:\/\/www.pixelsconsulting.com\/index.php\/formation\/\" \/>\n<meta property=\"og:site_name\" content=\"PIXELSCONSULTING\" \/>\n<meta property=\"article:modified_time\" content=\"2017-12-21T14:21:56+00:00\" \/>\n<meta name=\"twitter:card\" content=\"summary\" \/>\n<script type=\"application\/ld+json\" class=\"yoast-schema-graph\">{\"@context\":\"https:\/\/schema.org\",\"@graph\":[{\"@type\":\"WebSite\",\"@id\":\"https:\/\/www.pixelsconsulting.com\/#website\",\"url\":\"https:\/\/www.pixelsconsulting.com\/\",\"name\":\"PIXELSCONSULTING\",\"description\":\"\",\"potentialAction\":[{\"@type\":\"SearchAction\",\"target\":\"https:\/\/www.pixelsconsulting.com\/?s={search_term_string}\",\"query-input\":\"required name=search_term_string\"}],\"inLanguage\":\"fr-FR\"},{\"@type\":\"WebPage\",\"@id\":\"http:\/\/www.pixelsconsulting.com\/index.php\/formation\/#webpage\",\"url\":\"http:\/\/www.pixelsconsulting.com\/index.php\/formation\/\",\"name\":\"FORMATION - PIXELSCONSULTING\",\"isPartOf\":{\"@id\":\"https:\/\/www.pixelsconsulting.com\/#website\"},\"datePublished\":\"2017-10-19T13:55:59+00:00\",\"dateModified\":\"2017-12-21T14:21:56+00:00\",\"inLanguage\":\"fr-FR\",\"potentialAction\":[{\"@type\":\"ReadAction\",\"target\":[\"http:\/\/www.pixelsconsulting.com\/index.php\/formation\/\"]}]}]}<\/script>\n<!-- \/ Yoast SEO plugin. -->","jetpack_sharing_enabled":true,"jetpack_shortlink":"https:\/\/wp.me\/P98Rmm-12m","jetpack-related-posts":[],"jetpack_likes_enabled":true,"_links":{"self":[{"href":"https:\/\/www.pixelsconsulting.com\/index.php\/wp-json\/wp\/v2\/pages\/3990"}],"collection":[{"href":"https:\/\/www.pixelsconsulting.com\/index.php\/wp-json\/wp\/v2\/pages"}],"about":[{"href":"https:\/\/www.pixelsconsulting.com\/index.php\/wp-json\/wp\/v2\/types\/page"}],"author":[{"embeddable":true,"href":"https:\/\/www.pixelsconsulting.com\/index.php\/wp-json\/wp\/v2\/users\/3"}],"replies":[{"embeddable":true,"href":"https:\/\/www.pixelsconsulting.com\/index.php\/wp-json\/wp\/v2\/comments?post=3990"}],"version-history":[{"count":85,"href":"https:\/\/www.pixelsconsulting.com\/index.php\/wp-json\/wp\/v2\/pages\/3990\/revisions"}],"predecessor-version":[{"id":4839,"href":"https:\/\/www.pixelsconsulting.com\/index.php\/wp-json\/wp\/v2\/pages\/3990\/revisions\/4839"}],"wp:attachment":[{"href":"https:\/\/www.pixelsconsulting.com\/index.php\/wp-json\/wp\/v2\/media?parent=3990"}],"curies":[{"name":"wp","href":"https:\/\/api.w.org\/{rel}","templated":true}]}}