{"id":3812,"date":"2017-07-13T16:04:18","date_gmt":"2017-07-13T15:04:18","guid":{"rendered":"http:\/\/www.pixelsconsulting.com\/?page_id=3812"},"modified":"2022-11-22T12:58:32","modified_gmt":"2022-11-22T11:58:32","slug":"coaching-dentrepreneurs","status":"publish","type":"page","link":"https:\/\/www.pixelsconsulting.com\/index.php\/prestations\/coaching-dentrepreneurs\/","title":{"rendered":"COACHING D&rsquo;ENTREPRENEURS"},"content":{"rendered":"\n<div class=\"twitter-share\"><a href=\"https:\/\/twitter.com\/intent\/tweet?via=PixelsConsulti1\" class=\"twitter-share-button\" data-size=\"large\">Tweet<\/a><\/div>\n<p>[vc_row full_width=\u00a0\u00bbstretch_row\u00a0\u00bb gap=\u00a0\u00bb10&Prime; equal_height=\u00a0\u00bbyes\u00a0\u00bb content_placement=\u00a0\u00bbtop\u00a0\u00bb video_bg=\u00a0\u00bbyes\u00a0\u00bb video_bg_url=\u00a0\u00bb<a href=\"https:\/\/youtu.be\/lA9yJpvv46E\">https:\/\/www.youtube.com\/watch?v=oaKyZEf_keo<\/a>\u00a0\u00bb el_class=\u00a0\u00bbshadow\u00a0\u00bb][vc_column video_bg=\u00a0\u00bbyes\u00a0\u00bb][vc_custom_heading source=\u00a0\u00bbpost_title\u00a0\u00bb font_container=\u00a0\u00bbtag:h1|font_size:35px|text_align:center|color:%23ffffff|line_height:90px\u00a0\u00bb use_theme_fonts=\u00a0\u00bbyes\u00a0\u00bb css=\u00a0\u00bb.vc_custom_1513784966824{margin-bottom: 10px !important;background-color: rgba(0,0,0,0.42) !important;*background-color: rgb(0,0,0) !important;}\u00a0\u00bb][vc_row_inner equal_height=\u00a0\u00bbyes\u00a0\u00bb content_placement=\u00a0\u00bbtop\u00a0\u00bb gap=\u00a0\u00bb30&Prime; el_class=\u00a0\u00bbshadow\u00a0\u00bb css=\u00a0\u00bb.vc_custom_1512386622306{margin-top: 40px !important;background-color: rgba(84,141,191,0.85) !important;*background-color: rgb(84,141,191) !important;border-radius: 10px !important;}\u00a0\u00bb][vc_column_inner width=\u00a0\u00bb1\/4&Prime;][vc_single_image image=\u00a0\u00bb3756&Prime; img_size=\u00a0\u00bbfull\u00a0\u00bb alignment=\u00a0\u00bbcenter\u00a0\u00bb][\/vc_column_inner][vc_column_inner width=\u00a0\u00bb3\/4&Prime;][vc_column_text css_animation=\u00a0\u00bbtop-to-bottom\u00a0\u00bb]<\/p>\n<h3><span style=\"color: #ffffff;\"><em><strong>Entrepreneurs, profession lib\u00e9rale, TPE, PME..<\/strong><\/em><\/span><\/h3>\n<h3><span style=\"color: #ffffff;\">En tant qu&rsquo;ind\u00e9pendants, nous avons plusieurs casquettes ! Le d\u00e9veloppement de notre activit\u00e9 reste le c\u0153ur de notre business !<\/span><\/h3>\n<p>[\/vc_column_text][\/vc_column_inner][\/vc_row_inner][vc_row_inner equal_height=\u00a0\u00bbyes\u00a0\u00bb][vc_column_inner][vc_cta h2=\u00a0\u00bbCoaching d&rsquo;Entrepreneurs\u00a0\u00bb h2_google_fonts=\u00a0\u00bbfont_family:Archivo%20Narrow%3Aregular%2Citalic%2C700%2C700italic|font_style:400%20regular%3A400%3Anormal\u00a0\u00bb h4=\u00a0\u00bbEntrepreneurs, cr\u00e9ez, anticipez, d\u00e9veloppez et commercialisez vos expertises\u00a0\u00bb txt_align=\u00a0\u00bbcenter\u00a0\u00bb color=\u00a0\u00bbjuicy-pink\u00a0\u00bb add_button=\u00a0\u00bbtop\u00a0\u00bb btn_title=\u00a0\u00bbEn savoir plus \u00a0\u00bb btn_color=\u00a0\u00bbjuicy-pink\u00a0\u00bb btn_size=\u00a0\u00bblg\u00a0\u00bb btn_align=\u00a0\u00bbcenter\u00a0\u00bb btn_css_animation=\u00a0\u00bblightSpeedIn\u00a0\u00bb css_animation=\u00a0\u00bbtop-to-bottom\u00a0\u00bb use_custom_fonts_h2=\u00a0\u00bbtrue\u00a0\u00bb btn_button_block=\u00a0\u00bbtrue\u00a0\u00bb btn_link=\u00a0\u00bburl:http%3A%2F%2Fwww.pixelsconsulting.com%2Findex.php%2Fcontact%2F|||\u00a0\u00bb css=\u00a0\u00bb.vc_custom_1513783922756{background-color: rgba(255,255,255,0.95) !important;*background-color: rgb(255,255,255) !important;}\u00a0\u00bb][\/vc_cta][\/vc_column_inner][\/vc_row_inner][\/vc_column][\/vc_row][vc_column width=\u00a0\u00bb1\/4&Prime;][\/vc_column][vc_column width=\u00a0\u00bb3\/4&Prime;][vc_column_text css_animation=\u00a0\u00bbtop-to-bottom\u00a0\u00bb]<\/p>\n<h3><\/h3>\n<p>[\/vc_column_text][\/vc_column][vc_row][vc_column][vc_column_text css_animation=\u00a0\u00bbtop-to-bottom\u00a0\u00bb]<\/p>\n<h4>Que ce soit lors de la cr\u00e9ation ou reprise d\u2019entreprise ou dans le d\u00e9veloppement de votre activit\u00e9, Pixels Consulting offre un accompagnement sur mesure.<\/h4>\n<h4>Durant cette belle aventure, il y a des p\u00e9riodes d\u2019euphories, mais aussi des p\u00e9riodes de doutes ! Il est donc bon d\u2019avoir un regard ext\u00e9rieur sur votre activit\u00e9 !<\/h4>\n<h4>Ind\u00e9pendant \u00e9galement, nous sommes pass\u00e9s par ce cheminement.<\/h4>\n<h4>Fort de nos exp\u00e9riences, nous vous aidons \u00e0 :<\/h4>\n<ul>\n<li>\n<h4>faire une pause<\/h4>\n<\/li>\n<li>\n<h4>\u00e9largir vos id\u00e9es<\/h4>\n<\/li>\n<li>\n<h4>regarder votre situation d\u2019un nouvel \u0153il<\/h4>\n<\/li>\n<li>\n<h4>\u00ab\u00a0am\u00e9nager\u00a0\u00bb certaines croyances<\/h4>\n<\/li>\n<li>\n<h4>concevoir de nouvelles options<\/h4>\n<\/li>\n<li>\n<h4>franchir les \u00e9tapes<\/h4>\n<\/li>\n<li>\n<h4>passer \u00e0 l\u2019action \u2026<\/h4>\n<\/li>\n<\/ul>\n<h4>Ce qui fait la force d\u2019un entrepreneur \u2026<\/h4>\n<h4>C\u2019est en premier lieu, sa foie dans ce qu\u2019il va construire !<\/h4>\n<h4>Et aussi\u2026sa capacit\u00e9 \u00e0 rebondir, \u00e0 toujours \u00eatre inform\u00e9, \u00e0 anticiper,<\/h4>\n<p>[\/vc_column_text][vc_single_image image=\u00a0\u00bb3666&Prime; alignment=\u00a0\u00bbcenter\u00a0\u00bb][\/vc_column][\/vc_row][vc_row full_width=\u00a0\u00bbstretch_row\u00a0\u00bb gap=\u00a0\u00bb10&Prime; css=\u00a0\u00bb.vc_custom_1504485159717{background-color: #f7f7f7 !important;border-radius: 20px !important;}\u00a0\u00bb el_class=\u00a0\u00bbshadow\u00a0\u00bb][vc_column width=\u00a0\u00bb1\/2&Prime;]<div class=\"fancy_heading fancy_heading_line\"><h1 class=\"title\">Vos objectifs<\/h1><\/div>\n[vc_column_text css_animation=\u00a0\u00bbtop-to-bottom\u00a0\u00bb]<\/p>\n<ul>\n<li>\n<h4>murir une id\u00e9e<\/h4>\n<\/li>\n<li>\n<h4>clarifier votre projet<\/h4>\n<\/li>\n<li>\n<h4>\u00e9tablir une strat\u00e9gie de d\u00e9veloppement<\/h4>\n<\/li>\n<li>\n<h4>pr\u00e9senter votre Business plan<\/h4>\n<\/li>\n<li>\n<h4>trouver les financements<\/h4>\n<\/li>\n<li>\n<h4>se lancer dans la prospection<\/h4>\n<\/li>\n<li>\n<h4>d\u00e9velopper votre r\u00e9seau<\/h4>\n<\/li>\n<li>\n<h4>am\u00e9liorer votre communication en interne et en externe<\/h4>\n<\/li>\n<li>\n<h4>g\u00e9rer votre \u00e9quipe\u2026<\/h4>\n<\/li>\n<\/ul>\n<p>[\/vc_column_text][\/vc_column][vc_column width=\u00a0\u00bb1\/2&Prime;]<div class=\"fancy_heading fancy_heading_line\"><h1 class=\"title\">Le d\u00e9roulement<\/h1><\/div>\n[vc_column_text css_animation=\u00a0\u00bbtop-to-bottom\u00a0\u00bb]<\/p>\n<h4><b>1<\/b><b>er<\/b><b> \u00e9change gratuit<\/b><\/h4>\n<ul>\n<li>\n<h4>rencontre avec le coach dans nos locaux (Paris 12\u00e8me)<\/h4>\n<\/li>\n<li>\n<h4>d\u00e9finition des objectifs du coaching, de la dur\u00e9e et des modalit\u00e9s de l\u2019accompagnent formalis\u00e9 par un contrat<\/h4>\n<\/li>\n<li>\n<h4>s\u00e9ance en face \u00e0 face, Skype ou t\u00e9l\u00e9phone : entretiens de 1h30 conduits \u00e0 intervalles de 2 \u00e0 3 semaines, sur une dur\u00e9e de 6 \u00e0 9 mois<\/h4>\n<\/li>\n<li>\n<h4>exercices inter-s\u00e9ances<\/h4>\n<\/li>\n<li>\n<h4>bilan interm\u00e9diaire<\/h4>\n<\/li>\n<li>\n<h4>cl\u00f4ture du coaching<\/h4>\n<\/li>\n<\/ul>\n<p>[\/vc_column_text][\/vc_column][\/vc_row][vc_row gap=\u00a0\u00bb10&Prime; equal_height=\u00a0\u00bbyes\u00a0\u00bb css=\u00a0\u00bb.vc_custom_1511873622613{margin-top: 50px !important;margin-bottom: 50px !important;border-top-width: 100px !important;border-radius: 20px !important;}\u00a0\u00bb el_class=\u00a0\u00bbshadow\u00a0\u00bb][vc_column][vc_single_image image=\u00a0\u00bb3666&Prime; alignment=\u00a0\u00bbcenter\u00a0\u00bb][vc_separator]<div class=\"fancy_heading fancy_heading_icon\"><h2 class=\"title\">T\u00e9moignages de clients<\/h2><\/div>\n[\/vc_column][vc_column]<div class=\"testimonials_list \"><div class=\"item no-img\"><div class=\"desc\"><h4>Rizlane<\/h4><p class=\"subtitle\">Sophrologue<\/p><hr class=\"hr_color\" \/><div class=\"blockquote\"><blockquote><i>\u00ab\u00a0En tant qu'entrepreneuse, on se retrouve seule du jour au lendemain face \u00e0 ses t\u00e2ches... Et ce n'est pas facile\u00a0d'adopter un rythme de travail r\u00e9gulier...C'est pour \u00e7a que j'ai souhait\u00e9 consulter un coach, afin de retrouver mon organisation et surtout me poser les bonnes questions pour aboutir \u00e0 mes objectifs ! Gr\u00e2ce au professionnalisme de V\u00e9ronique, j'ai retrouv\u00e9 des techniques de travail pour avancer dans mon projet. Et j'ai pu red\u00e9couvrir mes capacit\u00e9s professionnelles. Je suis ravie de l'accompagnement !\u00a0\u00bb<\/i><\/blockquote><\/div><\/div><\/div>\n<div class=\"item no-img\"><div class=\"desc\"><h4>B\u00e9atrice<\/h4><p class=\"subtitle\">Coach<\/p><hr class=\"hr_color\" \/><div class=\"blockquote\"><blockquote><i>\u00ab\u00a0Voici en 3 points ce que je retiens du coaching r\u00e9alis\u00e9 avec V\u00e9ronique<\/i><i> :<\/i>\r\n\r\n<i>1\u00a0- par son regard ext\u00e9rieur, donc \u00ab\u00a0non impliqu\u00e9 affectivement\u00a0\u00bb, V\u00e9ronique m\u2019a permis de mesurer qu\u2019un certain nombre de \u00ab\u00a0freins\u00a0\u00bb qui engendraient des blocages,\u00a0\u00e9taient issus de \u00ab\u00a0croyances <\/i><i>limitantes<\/i><i>\u00a0\u00bb qui n\u2019appartenaient qu\u2019\u00e0 moi\u2026 <\/i>\r\n\r\n<i>J\u2019\u00e9tais donc \u00ab\u00a0oblig\u00e9e\u00a0\u00bb de reconna\u00eetre que leur r\u00e9alit\u00e9 n\u2019\u00e9tait que tout \u00e0 fait \u00ab\u00a0relative\u00a0\u00bb, et, par cons\u00e9quent, leur r\u00e9solution parfaitement \u00ab\u00a0envisageable\u00a0\u00bb. Il me \u00ab\u00a0suffisait\u00a0\u00bb de trouver ma porte d\u2019entr\u00e9e personnelle.<\/i>\r\n\r\n<i>\u00a02\u00a0- Les questions \u00ab\u00a0et qu\u2019est-ce qui t\u2019emp\u00eache de \u2026\u00a0?\u00a0\u00bb, \u00ab\u00a0et qu\u2019est-ce qui emp\u00eache que\u2026.\u00a0?\u00a0\u00bb, ont particip\u00e9 \u00e0 diminuer sensiblement \u00ab\u00a0l\u2019altitude de ces montagnes\u00a0\u00bb qui me paraissaient insurmontables.<\/i>\r\n\r\n<i>\u00a03\u00a0- \u00c9tant une femme de parole, l\u2019engagement \u00ab\u00a0sign\u00e9\u00a0\u00bb en fin de s\u00e9ance, me liait \u00e0 moi-m\u00eame et \u00e0 V\u00e9ronique, et rev\u00eatait une grande importance.<\/i>\r\n\r\n<i>Il est arriv\u00e9 que \u00ab\u00a0cette logique de l\u2019honneur\u00a0\u00bb ait suppl\u00e9\u00e9 la force ou le courage qui parfois auraient manqu\u00e9 pour r\u00e9aliser ce \u00e0 quoi je m\u2019\u00e9tais engag\u00e9e\u00a0\u00bb.<\/i><\/blockquote><\/div><\/div><\/div>\n<div class=\"item no-img\"><div class=\"desc\"><h4><a target=\"_blank\" href=\"#\">Sandrine<\/a><\/h4><p class=\"subtitle\">Chef de Projet<\/p><hr class=\"hr_color\" \/><div class=\"blockquote\"><blockquote><i>\u00ab\u00a0V\u00e9ronique, avec beaucoup de d\u00e9licatesse...et une grande ouverture d'esprit, m'a aid\u00e9e \u00e0 \u00e9claircir mes objectifs et \u00e0 d\u00e9celer ce qui \u00e9tait vraiment important. J'ai appr\u00e9ci\u00e9 son absence totale de jugement, et \u00e9galement sa pertinence pour renvoyer les bonnes questions\u00a0\u00bb.<\/i><\/blockquote><\/div><\/div><\/div>\n<div class=\"item no-img\"><div class=\"desc\"><h4>Angela<\/h4><p class=\"subtitle\"> Auteure<\/p><hr class=\"hr_color\" \/><div class=\"blockquote\"><blockquote><i>\u00ab\u00a0Apprendre \u00e0 mieux organiser ma fa\u00e7on de travailler, \u00e0 cloisonner mes diverses activit\u00e9s, \u00e0 identifier mes \"vraies\" envies et priorit\u00e9s. Gr\u00e2ce au coaching de V\u00e9ronique, j'ai pu faire tout cela, et plus encore : j'ai pu concr\u00e9tiser des projets qui ne me semblaient pas r\u00e9alisables il y a 6 mois encore. V\u00e9ronique m'a apport\u00e9, gr\u00e2ce \u00e0 sons sens de l'\u00e9coute, sa capacit\u00e9 \u00e0 y croire pour vous et \u00e0 vous accompagner en douceur, la possibilit\u00e9 de r\u00e9aliser, en quelques mois, ce que je n'aurais sans doute jamais r\u00e9ussi \u00e0 faire seule. Les ateliers \"Mes d'enfances(s)\" lui doivent beaucoup\u00a0\u00bb. <\/i><\/blockquote><\/div><\/div><\/div>\n<\/div>\n[\/vc_column][\/vc_row]<\/p>\n\n<div class=\"twitter-share\"><a href=\"https:\/\/twitter.com\/intent\/tweet?via=PixelsConsulti1\" class=\"twitter-share-button\" data-size=\"large\">Tweet<\/a><\/div>\n","protected":false},"excerpt":{"rendered":"<p>[vc_row full_width=\u00a0\u00bbstretch_row\u00a0\u00bb gap=\u00a0\u00bb10&Prime; equal_height=\u00a0\u00bbyes\u00a0\u00bb content_placement=\u00a0\u00bbtop\u00a0\u00bb video_bg=\u00a0\u00bbyes\u00a0\u00bb video_bg_url=\u00a0\u00bbhttps:\/\/www.youtube.com\/watch?v=oaKyZEf_keo\u00a0\u00bb el_class=\u00a0\u00bbshadow\u00a0\u00bb][vc_column video_bg=\u00a0\u00bbyes\u00a0\u00bb][vc_custom_heading source=\u00a0\u00bbpost_title\u00a0\u00bb font_container=\u00a0\u00bbtag:h1|font_size:35px|text_align:center|color:%23ffffff|line_height:90px\u00a0\u00bb use_theme_fonts=\u00a0\u00bbyes\u00a0\u00bb css=\u00a0\u00bb.vc_custom_1513784966824{margin-bottom: 10px !important;background-color: rgba(0,0,0,0.42) !important;*background-color: rgb(0,0,0) !important;}\u00a0\u00bb][vc_row_inner equal_height=\u00a0\u00bbyes\u00a0\u00bb content_placement=\u00a0\u00bbtop\u00a0\u00bb gap=\u00a0\u00bb30&Prime; el_class=\u00a0\u00bbshadow\u00a0\u00bb css=\u00a0\u00bb.vc_custom_1512386622306{margin-top: 40px !important;background-color: [&hellip;]<\/p>\n","protected":false},"author":3,"featured_media":0,"parent":3599,"menu_order":4,"comment_status":"closed","ping_status":"closed","template":"","meta":{"spay_email":"","footnotes":""},"yoast_head":"<!-- This site is optimized with the Yoast SEO plugin v14.6 - https:\/\/yoast.com\/wordpress\/plugins\/seo\/ -->\n<title>COACHING D&#039;ENTREPRENEURS - PIXELSCONSULTING<\/title>\n<meta name=\"robots\" content=\"index, follow\" \/>\n<meta name=\"googlebot\" content=\"index, follow, max-snippet:-1, max-image-preview:large, max-video-preview:-1\" \/>\n<meta name=\"bingbot\" content=\"index, follow, max-snippet:-1, max-image-preview:large, max-video-preview:-1\" \/>\n<link rel=\"canonical\" href=\"https:\/\/www.pixelsconsulting.com\/index.php\/prestations\/coaching-dentrepreneurs\/\" \/>\n<meta property=\"og:locale\" content=\"fr_FR\" \/>\n<meta property=\"og:type\" content=\"article\" \/>\n<meta property=\"og:title\" content=\"COACHING D&rsquo;ENTREPRENEURS\" \/>\n<meta property=\"og:description\" content=\"[vc_row full_width=\u00a0\u00bbstretch_row\u00a0\u00bb gap=\u00a0\u00bb10&Prime; equal_height=\u00a0\u00bbyes\u00a0\u00bb content_placement=\u00a0\u00bbtop\u00a0\u00bb video_bg=\u00a0\u00bbyes\u00a0\u00bb video_bg_url=\u00a0\u00bbhttps:\/\/www.youtube.com\/watch?v=oaKyZEf_keo\u00a0\u00bb el_class=\u00a0\u00bbshadow\u00a0\u00bb][vc_column video_bg=\u00a0\u00bbyes\u00a0\u00bb][vc_custom_heading source=\u00a0\u00bbpost_title\u00a0\u00bb font_container=\u00a0\u00bbtag:h1|font_size:35px|text_align:center|color:%23ffffff|line_height:90px\u00a0\u00bb use_theme_fonts=\u00a0\u00bbyes\u00a0\u00bb css=\u00a0\u00bb.vc_custom_1513784966824{margin-bottom: 10px !important;background-color: rgba(0,0,0,0.42) !important;*background-color: rgb(0,0,0) !important;}\u00a0\u00bb][vc_row_inner equal_height=\u00a0\u00bbyes\u00a0\u00bb content_placement=\u00a0\u00bbtop\u00a0\u00bb gap=\u00a0\u00bb30&Prime; el_class=\u00a0\u00bbshadow\u00a0\u00bb css=\u00a0\u00bb.vc_custom_1512386622306{margin-top: 40px !important;background-color: [&hellip;]\" \/>\n<meta property=\"og:url\" content=\"https:\/\/www.pixelsconsulting.com\/index.php\/prestations\/coaching-dentrepreneurs\/\" \/>\n<meta property=\"og:site_name\" content=\"PIXELSCONSULTING\" \/>\n<meta property=\"article:modified_time\" content=\"2022-11-22T11:58:32+00:00\" \/>\n<meta name=\"twitter:card\" content=\"summary\" \/>\n<script type=\"application\/ld+json\" class=\"yoast-schema-graph\">{\"@context\":\"https:\/\/schema.org\",\"@graph\":[{\"@type\":\"WebSite\",\"@id\":\"https:\/\/www.pixelsconsulting.com\/#website\",\"url\":\"https:\/\/www.pixelsconsulting.com\/\",\"name\":\"PIXELSCONSULTING\",\"description\":\"\",\"potentialAction\":[{\"@type\":\"SearchAction\",\"target\":\"https:\/\/www.pixelsconsulting.com\/?s={search_term_string}\",\"query-input\":\"required name=search_term_string\"}],\"inLanguage\":\"fr-FR\"},{\"@type\":\"WebPage\",\"@id\":\"https:\/\/www.pixelsconsulting.com\/index.php\/prestations\/coaching-dentrepreneurs\/#webpage\",\"url\":\"https:\/\/www.pixelsconsulting.com\/index.php\/prestations\/coaching-dentrepreneurs\/\",\"name\":\"COACHING D'ENTREPRENEURS - PIXELSCONSULTING\",\"isPartOf\":{\"@id\":\"https:\/\/www.pixelsconsulting.com\/#website\"},\"datePublished\":\"2017-07-13T15:04:18+00:00\",\"dateModified\":\"2022-11-22T11:58:32+00:00\",\"inLanguage\":\"fr-FR\",\"potentialAction\":[{\"@type\":\"ReadAction\",\"target\":[\"https:\/\/www.pixelsconsulting.com\/index.php\/prestations\/coaching-dentrepreneurs\/\"]}]}]}<\/script>\n<!-- \/ Yoast SEO plugin. -->","jetpack_sharing_enabled":false,"jetpack_shortlink":"https:\/\/wp.me\/P98Rmm-Zu","jetpack-related-posts":[],"jetpack_likes_enabled":true,"_links":{"self":[{"href":"https:\/\/www.pixelsconsulting.com\/index.php\/wp-json\/wp\/v2\/pages\/3812"}],"collection":[{"href":"https:\/\/www.pixelsconsulting.com\/index.php\/wp-json\/wp\/v2\/pages"}],"about":[{"href":"https:\/\/www.pixelsconsulting.com\/index.php\/wp-json\/wp\/v2\/types\/page"}],"author":[{"embeddable":true,"href":"https:\/\/www.pixelsconsulting.com\/index.php\/wp-json\/wp\/v2\/users\/3"}],"replies":[{"embeddable":true,"href":"https:\/\/www.pixelsconsulting.com\/index.php\/wp-json\/wp\/v2\/comments?post=3812"}],"version-history":[{"count":33,"href":"https:\/\/www.pixelsconsulting.com\/index.php\/wp-json\/wp\/v2\/pages\/3812\/revisions"}],"predecessor-version":[{"id":5099,"href":"https:\/\/www.pixelsconsulting.com\/index.php\/wp-json\/wp\/v2\/pages\/3812\/revisions\/5099"}],"up":[{"embeddable":true,"href":"https:\/\/www.pixelsconsulting.com\/index.php\/wp-json\/wp\/v2\/pages\/3599"}],"wp:attachment":[{"href":"https:\/\/www.pixelsconsulting.com\/index.php\/wp-json\/wp\/v2\/media?parent=3812"}],"curies":[{"name":"wp","href":"https:\/\/api.w.org\/{rel}","templated":true}]}}