{"id":3721,"date":"2017-06-23T16:54:53","date_gmt":"2017-06-23T15:54:53","guid":{"rendered":"http:\/\/www.pixelsconsulting.com\/?page_id=3721"},"modified":"2019-09-30T10:22:15","modified_gmt":"2019-09-30T09:22:15","slug":"particulier-2","status":"publish","type":"page","link":"https:\/\/www.pixelsconsulting.com\/index.php\/prestations\/particulier-2\/","title":{"rendered":"COACHING PARTICULIERS"},"content":{"rendered":"\n<div class=\"twitter-share\"><a href=\"https:\/\/twitter.com\/intent\/tweet?via=PixelsConsulti1\" class=\"twitter-share-button\" data-size=\"large\">Tweet<\/a><\/div>\n<p>[vc_row full_width=\u00a0\u00bbstretch_row\u00a0\u00bb gap=\u00a0\u00bb10&Prime; equal_height=\u00a0\u00bbyes\u00a0\u00bb content_placement=\u00a0\u00bbtop\u00a0\u00bb video_bg=\u00a0\u00bbyes\u00a0\u00bb video_bg_url=\u00a0\u00bbhttps:\/\/www.youtube.com\/watch?v=8EoV7RS3DDU\u00a0\u00bb el_class=\u00a0\u00bbshadow\u00a0\u00bb][vc_column video_bg=\u00a0\u00bbyes\u00a0\u00bb video_bg_parallax=\u00a0\u00bbcontent-moving-fade\u00a0\u00bb][vc_custom_heading source=\u00a0\u00bbpost_title\u00a0\u00bb font_container=\u00a0\u00bbtag:h1|font_size:35px|text_align:center|color:%23ffffff|line_height:90px\u00a0\u00bb use_theme_fonts=\u00a0\u00bbyes\u00a0\u00bb css=\u00a0\u00bb.vc_custom_1513784976264{margin-bottom: 10px !important;background-color: rgba(0,0,0,0.42) !important;*background-color: rgb(0,0,0) !important;}\u00a0\u00bb][vc_row_inner equal_height=\u00a0\u00bbyes\u00a0\u00bb content_placement=\u00a0\u00bbtop\u00a0\u00bb gap=\u00a0\u00bb5&Prime; el_class=\u00a0\u00bbshadow\u00a0\u00bb css=\u00a0\u00bb.vc_custom_1511876900675{margin-top: 40px !important;background-color: rgba(84,141,191,0.85) !important;*background-color: rgb(84,141,191) !important;border-radius: 10px !important;}\u00a0\u00bb][vc_column_inner width=\u00a0\u00bb1\/4&Prime;][vc_single_image image=\u00a0\u00bb4119&Prime; img_size=\u00a0\u00bbfull\u00a0\u00bb alignment=\u00a0\u00bbcenter\u00a0\u00bb][\/vc_column_inner][vc_column_inner width=\u00a0\u00bb3\/4&Prime;][vc_column_text css_animation=\u00a0\u00bbtop-to-bottom\u00a0\u00bb]<\/p>\n<h3><span style=\"color: #ffffff;\"><i>Vous souhaitez renforcer votre confiance en vous, vous affirmer, donner du sens \u00e0 vos activit\u00e9s personnelles \/ professionnelles, vous reconvertir, d\u00e9passer une situation de blocage\u2026<\/i><\/span><\/h3>\n<h3><em><strong>\u00a0<\/strong><\/em><\/h3>\n<p>[\/vc_column_text][\/vc_column_inner][\/vc_row_inner][vc_row_inner equal_height=\u00a0\u00bbyes\u00a0\u00bb][vc_column_inner][vc_cta h2=\u00a0\u00bbCOACHING PARTICULIERS\u00a0\u00bb h2_google_fonts=\u00a0\u00bbfont_family:Archivo%20Narrow%3Aregular%2Citalic%2C700%2C700italic|font_style:400%20regular%3A400%3Anormal\u00a0\u00bb h4=\u00a0\u00bbProfessionnel ou personnel, atteignez vos objectifs en toute s\u00e9r\u00e9nit\u00e9\u00a0\u00bb txt_align=\u00a0\u00bbcenter\u00a0\u00bb color=\u00a0\u00bbjuicy-pink\u00a0\u00bb add_button=\u00a0\u00bbtop\u00a0\u00bb btn_title=\u00a0\u00bbEn savoir plus \u00a0\u00bb btn_color=\u00a0\u00bbjuicy-pink\u00a0\u00bb btn_size=\u00a0\u00bblg\u00a0\u00bb btn_align=\u00a0\u00bbcenter\u00a0\u00bb btn_css_animation=\u00a0\u00bblightSpeedIn\u00a0\u00bb css_animation=\u00a0\u00bbtop-to-bottom\u00a0\u00bb use_custom_fonts_h2=\u00a0\u00bbtrue\u00a0\u00bb btn_button_block=\u00a0\u00bbtrue\u00a0\u00bb btn_link=\u00a0\u00bburl:http%3A%2F%2Fwww.pixelsconsulting.com%2Findex.php%2Fcontact%2F|||\u00a0\u00bb css=\u00a0\u00bb.vc_custom_1513784243835{background-color: rgba(255,255,255,0.95) !important;*background-color: rgb(255,255,255) !important;}\u00a0\u00bb][\/vc_cta][\/vc_column_inner][\/vc_row_inner][\/vc_column][\/vc_row][vc_row][vc_column][vc_column_text css_animation=\u00a0\u00bbtop-to-bottom\u00a0\u00bb]Le coaching de vie s&rsquo;adresse aux personnes, qui \u00e0 un moment de leur vie, souhaitent r\u00e9aliser un objectif, faire un choix, aborder un changement, d\u00e9velopper leur potentiel\u2026 Il contribue \u00e0 l\u2019identification de ses rep\u00e8res, de ses besoins et de ses valeurs avec pour principal objectif un \u00e9panouissement personnel et une r\u00e9alisation de soi. En fonction de vos besoins et de vos objectifs, Pixels Consulting vous propose un accompagnement sur-mesure que ce soit sur des probl\u00e9matiques personnelles, affectives, familiales, professionnelles\u2026 Notre r\u00f4le est de vous permettre d\u2019y voir plus clair, de prendre du recul, de vous encourager, afin que vous puissiez trouver vos propres solutions et passer \u00e0 l\u2019action.[\/vc_column_text][vc_separator][vc_single_image image=\u00a0\u00bb3666&Prime; alignment=\u00a0\u00bbcenter\u00a0\u00bb][\/vc_column][\/vc_row][vc_row][vc_column][\/vc_column][\/vc_row][vc_row gap=\u00a0\u00bb10&Prime; equal_height=\u00a0\u00bbyes\u00a0\u00bb css=\u00a0\u00bb.vc_custom_1504484260857{background-color: #f7f7f7 !important;border-radius: 20px !important;}\u00a0\u00bb el_class=\u00a0\u00bbshadow\u00a0\u00bb][vc_column width=\u00a0\u00bb1\/2&Prime;]<div class=\"fancy_heading fancy_heading_line\"><h1 class=\"title\">Vos objectifs<\/h1><\/div>\n[vc_column_text]<\/p>\n<ul>\n<li>d\u00e9velopper votre confiance<\/li>\n<li>mieux vous conna\u00eetre et conna\u00eetre les autres<\/li>\n<li>g\u00e9rer votre stress et vos \u00e9motions<\/li>\n<li>vous affirmer en posant vos limites<\/li>\n<li>d\u00e9passer une situation de blocage<\/li>\n<li>b\u00e2tir un projet de vie<\/li>\n<li>r\u00e9ussir votre transition professionnelle<\/li>\n<li>am\u00e9liorer votre communication avec votre entourage<\/li>\n<li>\u00e9quilibrer vos vie personnelle et professionnelle\u2026<\/li>\n<\/ul>\n<p>[\/vc_column_text][\/vc_column][vc_column width=\u00a0\u00bb1\/2&Prime;]<div class=\"fancy_heading fancy_heading_line\"><h1 class=\"title\">Le d\u00e9roulement<\/h1><\/div>\n[vc_column_text]<b>1<\/b><b>er<\/b><b> \u00e9change gratuit<\/b><\/p>\n<ul>\n<li>rencontre avec le coach dans nos locaux (Paris 12\u00e8me)<\/li>\n<li>d\u00e9finition des objectifs du coaching, de la dur\u00e9e et des modalit\u00e9s de l\u2019accompagnent formalis\u00e9 par un contrat<\/li>\n<li>s\u00e9ance en face \u00e0 face, Skype ou t\u00e9l\u00e9phone : entretiens de 1h30 conduits \u00e0 intervalles de 2 \u00e0 3 semaines, sur une dur\u00e9e de 6 \u00e0 9 mois<\/li>\n<li>exercices inter-s\u00e9ances<\/li>\n<li>bilan interm\u00e9diaire<\/li>\n<li>cl\u00f4ture du coaching<\/li>\n<\/ul>\n<p>[\/vc_column_text][\/vc_column][\/vc_row][vc_row][vc_column][vc_single_image image=\u00a0\u00bb3666&Prime; alignment=\u00a0\u00bbcenter\u00a0\u00bb][\/vc_column][vc_column]<div class=\"fancy_heading fancy_heading_icon\"><h2 class=\"title\">T\u00e9moignages de clients<\/h2><\/div>\n[\/vc_column][vc_column]<div class=\"testimonials_list \"><div class=\"item no-img\"><div class=\"desc\"><h4>Andr\u00e9e<\/h4><p class=\"subtitle\">Retrait\u00e9e<\/p><hr class=\"hr_color\" \/><div class=\"blockquote\"><blockquote><i>\u00ab\u00a0J\u2019ai eu avec V\u00e9ronique un coaching court.<\/i>\r\n\r\n<i>D\u00e8s le d\u00e9but, j\u2019ai senti le r\u00e9confort d\u2019une pr\u00e9sence amie et \u00e0 l\u2019\u00e9coute, car j\u2019avais surtout besoin de m\u2019exprimer et de pr\u00e9ciser ma demande.\u00a0<\/i>\r\n\r\n<i>Ensuite, V\u00e9ronique m\u2019a propos\u00e9 un sujet de r\u00e9flexion et de retour sur moi-m\u00eame, le \u00ab\u00a0Carr\u00e9 Fondamental\u00a0\u00bb. Car le coaching, \u00e7a sert \u00e0 voir clair en soi et \u00e0 r\u00e9unir ses forces. Cela m\u2019a int\u00e9ress\u00e9e et aid\u00e9e.<\/i>\r\n\r\n<i>Ma conclusion \u00e0 la 3e s\u00e9ance \u00e9tait que la solution ne pouvait venir que de moi; cela m\u2019a redonn\u00e9 mon dynamisme: c\u2019est bien l\u2019objectif du coaching: que ce soit le coach\u00e9 qui fasse le travail: le coach donne l\u2019impulsion, et le coach\u00e9 devient autonome par la suite.<\/i>\r\n\r\n<i>V\u00e9ronique a eu une tr\u00e8s bonne \u00e9coute et une certaine s\u00e9r\u00e9nit\u00e9, une force tranquille. Elle a travaill\u00e9 beaucoup sur le mode de la suggestion qui m\u2019a laiss\u00e9e libre d\u2019avancer. Le bilan a \u00e9t\u00e9 tr\u00e8s positif. Merci V\u00e9ronique.\u00a0\u00bb<\/i><\/blockquote><\/div><\/div><\/div>\n<div class=\"item no-img\"><div class=\"desc\"><h4>Aude<\/h4><p class=\"subtitle\">Animatrice <\/p><hr class=\"hr_color\" \/><div class=\"blockquote\"><blockquote>\u00ab\u00a0<i>Le fait d'\u00eatre accompagn\u00e9 par une personne<\/i> <i>bienveillante, m'a beaucoup aid\u00e9. Je n'ai pas eu de pression et tout \u00e9tait donn\u00e9 de mani\u00e8re naturelle. Je te remercie de m'avoir fait grandir et permis d'accepter que j'avais certes des d\u00e9fauts, mais aussi beaucoup de qualit\u00e9s me permettant de r\u00e9ussir ma formation et d'aller plus loin dans ce que j'entreprenais sans douter et en me faisant confiance. Ce fut un r\u00e9el plaisir d'avoir des \u00e9changes aussi constructifs. Je me faisais une joie de te retrouver, pour une s\u00e9ance. Et j'avoue que m\u00eame si nous avons fait la derni\u00e8re, nous continuerons d'\u00e9changer. Rien ne s'arr\u00eate.... Tout commence....\u00a0\u00bb <\/i><\/blockquote><\/div><\/div><\/div>\n<div class=\"item no-img\"><div class=\"desc\"><h4>Giang<\/h4><p class=\"subtitle\">Charg\u00e9e de communication<\/p><hr class=\"hr_color\" \/><div class=\"blockquote\"><blockquote><i>\u00ab\u00a0Merci V\u00e9ronique, de m'avoir \u00e9cout\u00e9, \u00e9clair\u00e9, orient\u00e9. Tes questions m'ont permis de me recentrer sur l'essentiel, et \u00e0 partir de l\u00e0, j'esp\u00e8re savoir me poser des bonnes questions pour trouver la suite !\u00a0\u00bb\u00a0<\/i><\/blockquote><\/div><\/div><\/div>\n<div class=\"item no-img\"><div class=\"desc\"><h4>La\u00e9ticia<\/h4><p class=\"subtitle\">Educatrice<\/p><hr class=\"hr_color\" \/><div class=\"blockquote\"><blockquote><i>\u00ab\u00a0L\u2019apport de ce coaching<\/i><i> : u<\/i><i>n regard diff\u00e9rent sur moi gr\u00e2ce \u00e0 la mise en confiance mais surtout via l\u2019exp\u00e9rimentation, les d\u00e9fis. De\u00a0 l\u2019\u00e9coute, donner le sentiment d\u2019\u00eatre comprise, permettre d\u2019envisager les choses sur un autre angle,\u00a0 prendre confiance\u00a0\u00bb.\r\n<\/i><\/blockquote><\/div><\/div><\/div>\n<\/div>\n[\/vc_column][\/vc_row][vc_row css_animation=\u00a0\u00bbbounceInDown\u00a0\u00bb css=\u00a0\u00bb.vc_custom_1511803363266{margin-top: 20px !important;margin-bottom: 20px !important;}\u00a0\u00bb][vc_column][vc_btn title=\u00a0\u00bbContactez-nous\u00a0\u00bb color=\u00a0\u00bbdanger\u00a0\u00bb size=\u00a0\u00bblg\u00a0\u00bb align=\u00a0\u00bbcenter\u00a0\u00bb i_icon_fontawesome=\u00a0\u00bbfa fa-handshake-o\u00a0\u00bb css_animation=\u00a0\u00bbtop-to-bottom\u00a0\u00bb button_block=\u00a0\u00bbtrue\u00a0\u00bb add_icon=\u00a0\u00bbtrue\u00a0\u00bb css=\u00a0\u00bb.vc_custom_1511802924173{margin-bottom: 0px !important;margin-left: 0px !important;border-bottom-width: 0px !important;padding-bottom: 0px !important;background-position: center !important;background-repeat: no-repeat !important;background-size: contain !important;border-bottom-color: #000000 !important;}\u00a0\u00bb el_class=\u00a0\u00bbCTA\u00a0\u00bb link=\u00a0\u00bburl:http%3A%2F%2Fwww.pixelsconsulting.com%2Findex.php%2Fcontact%2F||target:%20_blank|\u00a0\u00bb][\/vc_column][\/vc_row]<\/p>\n\n<div class=\"twitter-share\"><a href=\"https:\/\/twitter.com\/intent\/tweet?via=PixelsConsulti1\" class=\"twitter-share-button\" data-size=\"large\">Tweet<\/a><\/div>\n","protected":false},"excerpt":{"rendered":"<p>[vc_row full_width=\u00a0\u00bbstretch_row\u00a0\u00bb gap=\u00a0\u00bb10&Prime; equal_height=\u00a0\u00bbyes\u00a0\u00bb content_placement=\u00a0\u00bbtop\u00a0\u00bb video_bg=\u00a0\u00bbyes\u00a0\u00bb video_bg_url=\u00a0\u00bbhttps:\/\/www.youtube.com\/watch?v=8EoV7RS3DDU\u00a0\u00bb el_class=\u00a0\u00bbshadow\u00a0\u00bb][vc_column video_bg=\u00a0\u00bbyes\u00a0\u00bb video_bg_parallax=\u00a0\u00bbcontent-moving-fade\u00a0\u00bb][vc_custom_heading source=\u00a0\u00bbpost_title\u00a0\u00bb font_container=\u00a0\u00bbtag:h1|font_size:35px|text_align:center|color:%23ffffff|line_height:90px\u00a0\u00bb use_theme_fonts=\u00a0\u00bbyes\u00a0\u00bb css=\u00a0\u00bb.vc_custom_1513784976264{margin-bottom: 10px !important;background-color: rgba(0,0,0,0.42) !important;*background-color: rgb(0,0,0) !important;}\u00a0\u00bb][vc_row_inner equal_height=\u00a0\u00bbyes\u00a0\u00bb content_placement=\u00a0\u00bbtop\u00a0\u00bb gap=\u00a0\u00bb5&Prime; el_class=\u00a0\u00bbshadow\u00a0\u00bb css=\u00a0\u00bb.vc_custom_1511876900675{margin-top: 40px [&hellip;]<\/p>\n","protected":false},"author":3,"featured_media":0,"parent":3599,"menu_order":0,"comment_status":"closed","ping_status":"closed","template":"","meta":{"spay_email":"","footnotes":""},"yoast_head":"<!-- This site is optimized with the Yoast SEO plugin v14.6 - https:\/\/yoast.com\/wordpress\/plugins\/seo\/ -->\n<title>COACHING PARTICULIERS - PIXELSCONSULTING<\/title>\n<meta name=\"robots\" content=\"index, follow\" \/>\n<meta name=\"googlebot\" content=\"index, follow, max-snippet:-1, max-image-preview:large, max-video-preview:-1\" \/>\n<meta name=\"bingbot\" content=\"index, follow, max-snippet:-1, max-image-preview:large, max-video-preview:-1\" \/>\n<link rel=\"canonical\" href=\"http:\/\/www.pixelsconsulting.com\/index.php\/prestations\/particulier-2\/\" \/>\n<meta property=\"og:locale\" content=\"fr_FR\" \/>\n<meta property=\"og:type\" content=\"article\" \/>\n<meta property=\"og:title\" content=\"COACHING PARTICULIERS\" \/>\n<meta property=\"og:description\" content=\"[vc_row full_width=\u00a0\u00bbstretch_row\u00a0\u00bb gap=\u00a0\u00bb10&Prime; equal_height=\u00a0\u00bbyes\u00a0\u00bb content_placement=\u00a0\u00bbtop\u00a0\u00bb video_bg=\u00a0\u00bbyes\u00a0\u00bb video_bg_url=\u00a0\u00bbhttps:\/\/www.youtube.com\/watch?v=8EoV7RS3DDU\u00a0\u00bb el_class=\u00a0\u00bbshadow\u00a0\u00bb][vc_column video_bg=\u00a0\u00bbyes\u00a0\u00bb video_bg_parallax=\u00a0\u00bbcontent-moving-fade\u00a0\u00bb][vc_custom_heading source=\u00a0\u00bbpost_title\u00a0\u00bb font_container=\u00a0\u00bbtag:h1|font_size:35px|text_align:center|color:%23ffffff|line_height:90px\u00a0\u00bb use_theme_fonts=\u00a0\u00bbyes\u00a0\u00bb css=\u00a0\u00bb.vc_custom_1513784976264{margin-bottom: 10px !important;background-color: rgba(0,0,0,0.42) !important;*background-color: rgb(0,0,0) !important;}\u00a0\u00bb][vc_row_inner equal_height=\u00a0\u00bbyes\u00a0\u00bb content_placement=\u00a0\u00bbtop\u00a0\u00bb gap=\u00a0\u00bb5&Prime; el_class=\u00a0\u00bbshadow\u00a0\u00bb css=\u00a0\u00bb.vc_custom_1511876900675{margin-top: 40px [&hellip;]\" \/>\n<meta property=\"og:url\" content=\"http:\/\/www.pixelsconsulting.com\/index.php\/prestations\/particulier-2\/\" \/>\n<meta property=\"og:site_name\" content=\"PIXELSCONSULTING\" \/>\n<meta property=\"article:modified_time\" content=\"2019-09-30T09:22:15+00:00\" \/>\n<meta name=\"twitter:card\" content=\"summary\" \/>\n<script type=\"application\/ld+json\" class=\"yoast-schema-graph\">{\"@context\":\"https:\/\/schema.org\",\"@graph\":[{\"@type\":\"WebSite\",\"@id\":\"https:\/\/www.pixelsconsulting.com\/#website\",\"url\":\"https:\/\/www.pixelsconsulting.com\/\",\"name\":\"PIXELSCONSULTING\",\"description\":\"\",\"potentialAction\":[{\"@type\":\"SearchAction\",\"target\":\"https:\/\/www.pixelsconsulting.com\/?s={search_term_string}\",\"query-input\":\"required name=search_term_string\"}],\"inLanguage\":\"fr-FR\"},{\"@type\":\"WebPage\",\"@id\":\"http:\/\/www.pixelsconsulting.com\/index.php\/prestations\/particulier-2\/#webpage\",\"url\":\"http:\/\/www.pixelsconsulting.com\/index.php\/prestations\/particulier-2\/\",\"name\":\"COACHING PARTICULIERS - PIXELSCONSULTING\",\"isPartOf\":{\"@id\":\"https:\/\/www.pixelsconsulting.com\/#website\"},\"datePublished\":\"2017-06-23T15:54:53+00:00\",\"dateModified\":\"2019-09-30T09:22:15+00:00\",\"inLanguage\":\"fr-FR\",\"potentialAction\":[{\"@type\":\"ReadAction\",\"target\":[\"http:\/\/www.pixelsconsulting.com\/index.php\/prestations\/particulier-2\/\"]}]}]}<\/script>\n<!-- \/ Yoast SEO plugin. -->","jetpack_sharing_enabled":true,"jetpack_shortlink":"https:\/\/wp.me\/P98Rmm-Y1","jetpack-related-posts":[],"jetpack_likes_enabled":true,"_links":{"self":[{"href":"https:\/\/www.pixelsconsulting.com\/index.php\/wp-json\/wp\/v2\/pages\/3721"}],"collection":[{"href":"https:\/\/www.pixelsconsulting.com\/index.php\/wp-json\/wp\/v2\/pages"}],"about":[{"href":"https:\/\/www.pixelsconsulting.com\/index.php\/wp-json\/wp\/v2\/types\/page"}],"author":[{"embeddable":true,"href":"https:\/\/www.pixelsconsulting.com\/index.php\/wp-json\/wp\/v2\/users\/3"}],"replies":[{"embeddable":true,"href":"https:\/\/www.pixelsconsulting.com\/index.php\/wp-json\/wp\/v2\/comments?post=3721"}],"version-history":[{"count":83,"href":"https:\/\/www.pixelsconsulting.com\/index.php\/wp-json\/wp\/v2\/pages\/3721\/revisions"}],"predecessor-version":[{"id":4944,"href":"https:\/\/www.pixelsconsulting.com\/index.php\/wp-json\/wp\/v2\/pages\/3721\/revisions\/4944"}],"up":[{"embeddable":true,"href":"https:\/\/www.pixelsconsulting.com\/index.php\/wp-json\/wp\/v2\/pages\/3599"}],"wp:attachment":[{"href":"https:\/\/www.pixelsconsulting.com\/index.php\/wp-json\/wp\/v2\/media?parent=3721"}],"curies":[{"name":"wp","href":"https:\/\/api.w.org\/{rel}","templated":true}]}}