{"id":3607,"date":"2017-06-08T10:14:33","date_gmt":"2017-06-08T09:14:33","guid":{"rendered":"http:\/\/www.pixelsconsulting.com\/?page_id=3607"},"modified":"2017-12-19T12:17:43","modified_gmt":"2017-12-19T11:17:43","slug":"inspirations","status":"publish","type":"page","link":"https:\/\/www.pixelsconsulting.com\/index.php\/inspirations\/","title":{"rendered":"VOTRE COACH"},"content":{"rendered":"\n<div class=\"twitter-share\"><a href=\"https:\/\/twitter.com\/intent\/tweet?via=PixelsConsulti1\" class=\"twitter-share-button\" data-size=\"large\">Tweet<\/a><\/div>\n<p>[vc_row][vc_column css=\u00a0\u00bb.vc_custom_1504471128607{background-color: #f4f4f4 !important;}\u00a0\u00bb el_class=\u00a0\u00bbshadow\u00a0\u00bb][vc_column_text]<\/p>\n<h3><i><img loading=\"lazy\" decoding=\"async\" data-attachment-id=\"3633\" data-permalink=\"https:\/\/www.pixelsconsulting.com\/index.php\/inspirations\/vesiez\/\" data-orig-file=\"https:\/\/i0.wp.com\/www.pixelsconsulting.com\/wp-content\/uploads\/2017\/06\/VESIEZ.png?fit=300%2C300&amp;ssl=1\" data-orig-size=\"300,300\" data-comments-opened=\"0\" data-image-meta=\"{&quot;aperture&quot;:&quot;0&quot;,&quot;credit&quot;:&quot;&quot;,&quot;camera&quot;:&quot;&quot;,&quot;caption&quot;:&quot;&quot;,&quot;created_timestamp&quot;:&quot;0&quot;,&quot;copyright&quot;:&quot;&quot;,&quot;focal_length&quot;:&quot;0&quot;,&quot;iso&quot;:&quot;0&quot;,&quot;shutter_speed&quot;:&quot;0&quot;,&quot;title&quot;:&quot;&quot;,&quot;orientation&quot;:&quot;0&quot;}\" data-image-title=\"VESIEZ\" data-image-description=\"\" data-medium-file=\"https:\/\/i0.wp.com\/www.pixelsconsulting.com\/wp-content\/uploads\/2017\/06\/VESIEZ.png?fit=300%2C300&amp;ssl=1\" data-large-file=\"https:\/\/i0.wp.com\/www.pixelsconsulting.com\/wp-content\/uploads\/2017\/06\/VESIEZ.png?fit=300%2C300&amp;ssl=1\" class=\"size-full wp-image-3633 alignright\" src=\"https:\/\/i0.wp.com\/www.pixelsconsulting.com\/wp-content\/uploads\/2017\/06\/VESIEZ.png?resize=300%2C300\" alt=\"\" width=\"300\" height=\"300\" srcset=\"https:\/\/i0.wp.com\/www.pixelsconsulting.com\/wp-content\/uploads\/2017\/06\/VESIEZ.png?w=300&amp;ssl=1 300w, https:\/\/i0.wp.com\/www.pixelsconsulting.com\/wp-content\/uploads\/2017\/06\/VESIEZ.png?resize=150%2C150&amp;ssl=1 150w, https:\/\/i0.wp.com\/www.pixelsconsulting.com\/wp-content\/uploads\/2017\/06\/VESIEZ.png?resize=100%2C100&amp;ssl=1 100w\" sizes=\"(max-width: 300px) 100vw, 300px\" data-recalc-dims=\"1\" \/><span style=\"color: #333399;\">V\u00e9ronique VESIEZ, coach professionnelle et formatrice en d\u00e9veloppement personnel<\/span><\/i><\/h3>\n<p><i>\u00ab\u00a0Pragmatique, optimiste et bienveillante, je vous\u00a0\u00a0 accompagne <\/i><i>lors de transitions professionnelles ou personnelles en gardant <\/i><i>\u00e0 l\u2019esprit que chacun de nous a des talents qui ne demandent qu\u2019\u00e0 s\u2019exprimer !\u00a0\u00bb<\/i><\/p>\n<p>Son exp\u00e9rience de plus de 20 ans en entreprise \u00e0 des fonctions commerciales, marketing et manag\u00e9riales\u00a0 lui ont permis d\u2019\u00eatre au c\u0153ur des enjeux individuels et collectifs et de sentir la capacit\u00e9 de chacun \u00e0 d\u00e9velopper sa propre cr\u00e9ativit\u00e9.<\/p>\n<p>Passionn\u00e9e par les relations humaines et le d\u00e9veloppement personnel, elle s\u2019est tout naturellement orient\u00e9e vers le m\u00e9tier de l\u2019accompagnement.<\/p>\n<p>Certifi\u00e9e coach, praticien PNL et formatrice en d\u00e9veloppement personnel, V\u00e9ronique accompagne aujourd\u2019hui les managers, les entrepreneurs et les particuliers \u00e0 d\u00e9velopper leur bien-\u00eatre et leur plein potentiel dans la r\u00e9alisation de leurs projets.<\/p>\n<p>Elle voit le coaching comme une belle opportunit\u00e9 de cheminer ensemble pour mieux se conna\u00eetre, prendre confiance et devenir autonome.[\/vc_column_text][\/vc_column][\/vc_row][vc_row gap=\u00a0\u00bb10&Prime; equal_height=\u00a0\u00bbyes\u00a0\u00bb css=\u00a0\u00bb.vc_custom_1504478085574{margin-top: 50px !important;background-color: #f7f7f7 !important;border-radius: 20px !important;}\u00a0\u00bb el_class=\u00a0\u00bbshadow\u00a0\u00bb][vc_column width=\u00a0\u00bb1\/2&Prime; css=\u00a0\u00bb.vc_custom_1513161145653{border-right-width: 20px !important;border-left-width: 20px !important;}\u00a0\u00bb][vc_text_separator title=\u00a0\u00bbPARMI LES OUTILS UTILISES\u00a0\u00bb i_icon_fontawesome=\u00a0\u00bbfa fa-cubes\u00a0\u00bb i_background_style=\u00a0\u00bbrounded\u00a0\u00bb add_icon=\u00a0\u00bbtrue\u00a0\u00bb][vc_column_text]<\/p>\n<ul>\n<li>Profil Talents TLP<\/li>\n<li>Programmation Neuro Linguistique (PNL)<\/li>\n<li>Analyse transactionnelle (AT)<\/li>\n<li>Techniques Comportementales Cognitives (TCC)<\/li>\n<li>Communication Non Violente (CNV)<\/li>\n<li>Psychologie positive<\/li>\n<li>Pratiques narratives<\/li>\n<li>Approche syst\u00e9mique<\/li>\n<li>Co-d\u00e9veloppement\u2026<\/li>\n<\/ul>\n<p>[\/vc_column_text][\/vc_column][vc_column width=\u00a0\u00bb1\/2&Prime; css=\u00a0\u00bb.vc_custom_1513161156104{border-right-width: 20px !important;border-left-width: 20px !important;}\u00a0\u00bb][vc_text_separator title=\u00a0\u00bbCERTIFICATIONS &amp; FORMATIONS\u00a0\u00bb i_icon_fontawesome=\u00a0\u00bbfa fa-bookmark\u00a0\u00bb i_background_style=\u00a0\u00bbrounded\u00a0\u00bb add_icon=\u00a0\u00bbtrue\u00a0\u00bb][vc_column_text]<\/p>\n<ul>\n<li>Certifi\u00e9e \u00ab\u00a0Coach professionnel\u00a0\u00bb, Institut de Coaching International, Gen\u00e8ve<\/li>\n<li>Certifi\u00e9e \u00ab\u00a0Formatrice en d\u00e9veloppement personnel\u00a0\u00bb, ISFORM, Paris<\/li>\n<li>Certifi\u00e9e \u00ab\u00a0Praticien PNL\u00a0\u00bb, Institut de Coaching International, Gen\u00e8ve<\/li>\n<li>Certifi\u00e9e \u00ab\u00a0Praticien Appreciative Inquiry\u00bb, Institut de Coaching International, Gen\u00e8ve<\/li>\n<li>Form\u00e9e \u00e0 la pratique narrative, Rep\u00e8res, Paris<\/li>\n<li>Form\u00e9e \u00e0 la gestion de projets, management, prise de parole en public, animation et conduite de r\u00e9union, techniques de vente, gestion des conflits , gestion du stress<\/li>\n<li>Pratique supervis\u00e9e par un professionnel<\/li>\n<li>Adh\u00e9rente et membre du Comit\u00e9Communication ICF France (International Coach Federation)<\/li>\n<\/ul>\n<p>[\/vc_column_text][vc_column_text][\/vc_column_text][\/vc_column][\/vc_row][vc_row full_width=\u00a0\u00bbstretch_row\u00a0\u00bb gap=\u00a0\u00bb30&Prime; equal_height=\u00a0\u00bbyes\u00a0\u00bb video_bg=\u00a0\u00bbyes\u00a0\u00bb css=\u00a0\u00bb.vc_custom_1513163393662{margin-top: 50px !important;margin-bottom: 50px !important;border-top-width: 80px !important;border-bottom-width: 50px !important;background-color: rgba(12,12,12,0.3) !important;*background-color: rgb(12,12,12) !important;border-radius: 20px !important;}\u00a0\u00bb el_class=\u00a0\u00bbshadow\u00a0\u00bb][vc_column css=\u00a0\u00bb.vc_custom_1513160860394{background-color: rgba(0,0,0,0.32) !important;*background-color: rgb(0,0,0) !important;border-radius: 20px !important;}\u00a0\u00bb][vc_column_text css_animation=\u00a0\u00bbappear\u00a0\u00bb css=\u00a0\u00bb.vc_custom_1513682250103{border-top-width: 10px !important;border-bottom-width: 10px !important;border-left-width: 10px !important;padding-top: 20px !important;padding-right: 10px !important;padding-bottom: 20px !important;}\u00a0\u00bb]<\/p>\n<h1 style=\"text-align: center;\"><strong><span style=\"color: #ffffff;\">Auteure des parutions suivantes :<\/span><\/strong><\/h1>\n<p>[\/vc_column_text][\/vc_column][vc_column width=\u00a0\u00bb1\/2&Prime; css=\u00a0\u00bb.vc_custom_1513161182652{margin-bottom: 50px !important;border-right-width: 20px !important;border-left-width: 20px !important;padding-right: 10px !important;padding-left: 10px !important;background-color: #ededed !important;border-radius: 10px !important;}\u00a0\u00bb][vc_single_image image=\u00a0\u00bb3816&Prime; alignment=\u00a0\u00bbcenter\u00a0\u00bb css_animation=\u00a0\u00bbappear\u00a0\u00bb title=\u00a0\u00bbJe fais des choix et j\u2019assume \u00ab\u00a0][vc_btn title=\u00a0\u00bbCommander le livre\u00a0\u00bb color=\u00a0\u00bbdanger\u00a0\u00bb size=\u00a0\u00bblg\u00a0\u00bb align=\u00a0\u00bbcenter\u00a0\u00bb i_icon_fontawesome=\u00a0\u00bbfa fa-plus\u00a0\u00bb css_animation=\u00a0\u00bbtop-to-bottom\u00a0\u00bb button_block=\u00a0\u00bbtrue\u00a0\u00bb add_icon=\u00a0\u00bbtrue\u00a0\u00bb custom_onclick=\u00a0\u00bbtrue\u00a0\u00bb css=\u00a0\u00bb.vc_custom_1511516306794{margin-bottom: 0px !important;margin-left: 0px !important;border-bottom-width: 0px !important;padding-bottom: 0px !important;background-position: center !important;background-repeat: no-repeat !important;background-size: contain !important;border-bottom-color: #000000 !important;}\u00a0\u00bb link=\u00a0\u00bburl:https%3A%2F%2Fwww.amazon.fr%2Fdp%2F2806292972%3Ftag%3Dstaragora01-21||target:%20_blank|\u00a0\u00bb custom_onclick_code=\u00a0\u00bbhttps:\/\/www.amazon.fr\/dp\/2806292972?tag=staragora01-21&Prime;][vc_column_text css=\u00a0\u00bb.vc_custom_1513681902609{padding-top: 20px !important;padding-right: 20px !important;padding-bottom: 20px !important;padding-left: 20px !important;}\u00a0\u00bb]<span style=\"color: #808080;\">Un guide pratique et accessible pour apprendre \u00e0 faire des choix en accord avec ses objectifs et ses valeurs !<\/span><\/p>\n<p><span style=\"color: #808080;\">Nous sommes tous, tout le temps \u2013 et particuli\u00e8rement en ce qui concerne notre carri\u00e8re \u2013, confront\u00e9s \u00e0 des choix, \u00e0 des d\u00e9cisions \u00e0 prendre. Souvent, trancher entre les diff\u00e9rentes options se r\u00e9v\u00e8le une \u00e9preuve ardue, parce que nous avons peur des cons\u00e9quences de nos d\u00e9cisions ou parce que nous regrettons \u00e0 l&rsquo;avance les possibilit\u00e9s perdues lorsque nous renon\u00e7ons \u00e0 une voie pour en emprunter une autre. Pourtant, choisir est in\u00e9vitable. Mieux : choisir est l&rsquo;occasion d&rsquo;avancer sur un chemin professionnel qui nous ressemble.<\/span><\/p>\n<p><span style=\"color: #808080;\">Ce livre vous aidera \u00e0 :<\/span><br \/>\n<span style=\"color: #808080;\">* Comprendre pourquoi il est si difficile de choisir<\/span><br \/>\n<span style=\"color: #808080;\">* \u00c9couter vos \u00e9motions et votre intuition<\/span><br \/>\n<span style=\"color: #808080;\">* Assumer vos d\u00e9cisions sur la dur\u00e9e<\/span><br \/>\n<span style=\"color: #808080;\">* Et bien plus encore !<\/span><\/p>\n<p><span style=\"color: #808080;\">Le mot de l&rsquo;\u00e9diteur :<\/span><br \/>\n<span style=\"color: #808080;\">\u00ab Avec l&rsquo;auteure, V\u00e9ronique Vesiez, nous avons voulu replacer la question du choix professionnel dans un cadre plus large, li\u00e9 aux valeurs de chacun et aux objectifs qu&rsquo;il s&rsquo;est fix\u00e9s. Ce petit livre fournit donc astuces et bons conseils pour prendre et appliquer ses d\u00e9cisions en toute connaissance de soi. \u00bb Laure Delacroix<\/span>[\/vc_column_text][\/vc_column][vc_column width=\u00a0\u00bb1\/2&Prime; css=\u00a0\u00bb.vc_custom_1513161322917{margin-right: 5px !important;margin-bottom: 50px !important;margin-left: 5px !important;border-right-width: 20px !important;border-left-width: 20px !important;padding-right: 10px !important;padding-left: 10px !important;background-color: #ffffff !important;border-radius: 10px !important;}\u00a0\u00bb][vc_single_image image=\u00a0\u00bb3817&Prime; alignment=\u00a0\u00bbcenter\u00a0\u00bb css_animation=\u00a0\u00bbappear\u00a0\u00bb title=\u00a0\u00bbM\u00e9ditation au Travail\u00a0\u00bb][vc_btn title=\u00a0\u00bbCommander le livre\u00a0\u00bb color=\u00a0\u00bbprimary\u00a0\u00bb size=\u00a0\u00bblg\u00a0\u00bb align=\u00a0\u00bbcenter\u00a0\u00bb i_icon_fontawesome=\u00a0\u00bbfa fa-plus\u00a0\u00bb css_animation=\u00a0\u00bbtop-to-bottom\u00a0\u00bb button_block=\u00a0\u00bbtrue\u00a0\u00bb add_icon=\u00a0\u00bbtrue\u00a0\u00bb custom_onclick=\u00a0\u00bbtrue\u00a0\u00bb css=\u00a0\u00bb.vc_custom_1511516315118{margin-bottom: 0px !important;margin-left: 0px !important;border-bottom-width: 0px !important;padding-bottom: 0px !important;background-position: center !important;background-repeat: no-repeat !important;background-size: contain !important;border-bottom-color: #000000 !important;}\u00a0\u00bb link=\u00a0\u00bburl:https%3A%2F%2Fwww.amazon.fr%2FComment-pratiquer-m%25C3%25A9ditation-travail-reconstituantes%2Fdp%2F2806277191%2Fref%3Dpd_sbs_14_1%3F_encoding%3DUTF8%26psc%3D1%26refRID%3DBZC3GH5PBA5AT9NQD0EQ||target:%20_blank|\u00a0\u00bb custom_onclick_code=\u00a0\u00bbhttps:\/\/www.amazon.fr\/dp\/2806292972?tag=staragora01-21&Prime;][vc_column_text css=\u00a0\u00bb.vc_custom_1513681976200{border-right-width: 20px !important;border-left-width: 20px !important;padding-top: 20px !important;padding-right: 20px !important;padding-bottom: 20px !important;padding-left: 20px !important;}\u00a0\u00bb]<em><span style=\"color: #808080;\">Un guide pratique et accessible pour comprendre comment pratiquer la m\u00e9ditation au travail<\/span><\/em><\/p>\n<p><em><span style=\"color: #808080;\">Au travail, le stress est omnipr\u00e9sent et vous \u00e9prouvez des difficult\u00e9s \u00e0 vous concentrer ? Vous souhaitez rester efficace tout en adoptant une attitude plus zen ? La pratique de la m\u00e9ditation peut vous apporter une solution, car elle permet de prendre conscience de ses ressentis et d&rsquo;ainsi mieux g\u00e9rer ses \u00e9motions. D&rsquo;ailleurs, de nombreuses entreprises ont choisi d&rsquo;int\u00e9grer la m\u00e9ditation dans l&rsquo;univers professionnel, afin de faire rimer travail avec bien\u00eatre.<\/span><\/em><\/p>\n<p>&nbsp;<\/p>\n<p><em><span style=\"color: #808080;\">Ce livre vous aidera \u00e0 :<\/span><\/em><br \/>\n<em><span style=\"color: #808080;\">* D\u00e9couvrir la m\u00e9ditation et ses nombreux bienfaits<\/span><\/em><br \/>\n<em><span style=\"color: #808080;\">* Disposer de m\u00e9thodes concr\u00e8tes \u00e0 appliquer sur votre lieu de travail<\/span><\/em><br \/>\n<em><span style=\"color: #808080;\">* R\u00e9duire le stress et d\u00e9velopper vos aptitudes (empathie, intuition, innovation)<\/span><\/em><br \/>\n<em><span style=\"color: #808080;\">* Et bien plus encore !<\/span><\/em><\/p>\n<p>&nbsp;<\/p>\n<p><em><span style=\"color: #808080;\">Le mot de l&rsquo;\u00e9diteur :<\/span><\/em><br \/>\n<em><span style=\"color: #808080;\">\u00ab Avec l&rsquo;auteure, V\u00e9ronique Vesiez, nous avons cherch\u00e9 \u00e0 pr\u00e9senter aux lecteurs une s\u00e9rie de conseils pratiques pour se lancer dans la m\u00e9ditation sur son lieu de travail, dans l&rsquo;id\u00e9e de retrouver un bien\u00eatre souvent difficile \u00e0 conserver au quotidien. \u00bb Laure Delacroix<\/span><\/em>[\/vc_column_text][\/vc_column][\/vc_row]<\/p>\n\n<div class=\"twitter-share\"><a href=\"https:\/\/twitter.com\/intent\/tweet?via=PixelsConsulti1\" class=\"twitter-share-button\" data-size=\"large\">Tweet<\/a><\/div>\n","protected":false},"excerpt":{"rendered":"<p>[vc_row][vc_column css=\u00a0\u00bb.vc_custom_1504471128607{background-color: #f4f4f4 !important;}\u00a0\u00bb el_class=\u00a0\u00bbshadow\u00a0\u00bb][vc_column_text] V\u00e9ronique VESIEZ, coach professionnelle et formatrice en d\u00e9veloppement personnel \u00ab\u00a0Pragmatique, optimiste et bienveillante, je vous\u00a0\u00a0 accompagne lors de transitions professionnelles ou [&hellip;]<\/p>\n","protected":false},"author":3,"featured_media":0,"parent":0,"menu_order":0,"comment_status":"closed","ping_status":"closed","template":"","meta":{"spay_email":"","footnotes":""},"yoast_head":"<!-- This site is optimized with the Yoast SEO plugin v14.6 - https:\/\/yoast.com\/wordpress\/plugins\/seo\/ -->\n<title>VOTRE COACH - PIXELSCONSULTING<\/title>\n<meta name=\"robots\" content=\"index, follow\" \/>\n<meta name=\"googlebot\" content=\"index, follow, max-snippet:-1, max-image-preview:large, max-video-preview:-1\" \/>\n<meta name=\"bingbot\" content=\"index, follow, max-snippet:-1, max-image-preview:large, max-video-preview:-1\" \/>\n<link rel=\"canonical\" href=\"https:\/\/www.pixelsconsulting.com\/index.php\/inspirations\/\" \/>\n<meta property=\"og:locale\" content=\"fr_FR\" \/>\n<meta property=\"og:type\" content=\"article\" \/>\n<meta property=\"og:title\" content=\"VOTRE COACH\" \/>\n<meta property=\"og:description\" content=\"[vc_row][vc_column css=\u00a0\u00bb.vc_custom_1504471128607{background-color: #f4f4f4 !important;}\u00a0\u00bb el_class=\u00a0\u00bbshadow\u00a0\u00bb][vc_column_text] V\u00e9ronique VESIEZ, coach professionnelle et formatrice en d\u00e9veloppement personnel \u00ab\u00a0Pragmatique, optimiste et bienveillante, je vous\u00a0\u00a0 accompagne lors de transitions professionnelles ou [&hellip;]\" \/>\n<meta property=\"og:url\" content=\"https:\/\/www.pixelsconsulting.com\/index.php\/inspirations\/\" \/>\n<meta property=\"og:site_name\" content=\"PIXELSCONSULTING\" \/>\n<meta property=\"article:modified_time\" content=\"2017-12-19T11:17:43+00:00\" \/>\n<meta property=\"og:image\" content=\"http:\/\/www.pixelsconsulting.com\/wp-content\/uploads\/2017\/06\/VESIEZ.png\" \/>\n<meta name=\"twitter:card\" content=\"summary\" \/>\n<script type=\"application\/ld+json\" class=\"yoast-schema-graph\">{\"@context\":\"https:\/\/schema.org\",\"@graph\":[{\"@type\":\"WebSite\",\"@id\":\"https:\/\/www.pixelsconsulting.com\/#website\",\"url\":\"https:\/\/www.pixelsconsulting.com\/\",\"name\":\"PIXELSCONSULTING\",\"description\":\"\",\"potentialAction\":[{\"@type\":\"SearchAction\",\"target\":\"https:\/\/www.pixelsconsulting.com\/?s={search_term_string}\",\"query-input\":\"required name=search_term_string\"}],\"inLanguage\":\"fr-FR\"},{\"@type\":\"ImageObject\",\"@id\":\"https:\/\/www.pixelsconsulting.com\/index.php\/inspirations\/#primaryimage\",\"inLanguage\":\"fr-FR\",\"url\":\"http:\/\/www.pixelsconsulting.com\/wp-content\/uploads\/2017\/06\/VESIEZ.png\"},{\"@type\":\"WebPage\",\"@id\":\"https:\/\/www.pixelsconsulting.com\/index.php\/inspirations\/#webpage\",\"url\":\"https:\/\/www.pixelsconsulting.com\/index.php\/inspirations\/\",\"name\":\"VOTRE COACH - PIXELSCONSULTING\",\"isPartOf\":{\"@id\":\"https:\/\/www.pixelsconsulting.com\/#website\"},\"primaryImageOfPage\":{\"@id\":\"https:\/\/www.pixelsconsulting.com\/index.php\/inspirations\/#primaryimage\"},\"datePublished\":\"2017-06-08T09:14:33+00:00\",\"dateModified\":\"2017-12-19T11:17:43+00:00\",\"inLanguage\":\"fr-FR\",\"potentialAction\":[{\"@type\":\"ReadAction\",\"target\":[\"https:\/\/www.pixelsconsulting.com\/index.php\/inspirations\/\"]}]}]}<\/script>\n<!-- \/ Yoast SEO plugin. -->","jetpack_sharing_enabled":true,"jetpack_shortlink":"https:\/\/wp.me\/P98Rmm-Wb","jetpack-related-posts":[],"jetpack_likes_enabled":true,"_links":{"self":[{"href":"https:\/\/www.pixelsconsulting.com\/index.php\/wp-json\/wp\/v2\/pages\/3607"}],"collection":[{"href":"https:\/\/www.pixelsconsulting.com\/index.php\/wp-json\/wp\/v2\/pages"}],"about":[{"href":"https:\/\/www.pixelsconsulting.com\/index.php\/wp-json\/wp\/v2\/types\/page"}],"author":[{"embeddable":true,"href":"https:\/\/www.pixelsconsulting.com\/index.php\/wp-json\/wp\/v2\/users\/3"}],"replies":[{"embeddable":true,"href":"https:\/\/www.pixelsconsulting.com\/index.php\/wp-json\/wp\/v2\/comments?post=3607"}],"version-history":[{"count":33,"href":"https:\/\/www.pixelsconsulting.com\/index.php\/wp-json\/wp\/v2\/pages\/3607\/revisions"}],"predecessor-version":[{"id":4729,"href":"https:\/\/www.pixelsconsulting.com\/index.php\/wp-json\/wp\/v2\/pages\/3607\/revisions\/4729"}],"wp:attachment":[{"href":"https:\/\/www.pixelsconsulting.com\/index.php\/wp-json\/wp\/v2\/media?parent=3607"}],"curies":[{"name":"wp","href":"https:\/\/api.w.org\/{rel}","templated":true}]}}