{"id":3603,"date":"2017-06-08T10:14:00","date_gmt":"2017-06-08T09:14:00","guid":{"rendered":"http:\/\/www.pixelsconsulting.com\/?page_id=3603"},"modified":"2017-12-21T15:26:56","modified_gmt":"2017-12-21T14:26:56","slug":"intervenant","status":"publish","type":"page","link":"https:\/\/www.pixelsconsulting.com\/index.php\/intervenant\/","title":{"rendered":"INSPIRATIONS"},"content":{"rendered":"\n<div class=\"twitter-share\"><a href=\"https:\/\/twitter.com\/intent\/tweet?via=PixelsConsulti1\" class=\"twitter-share-button\" data-size=\"large\">Tweet<\/a><\/div>\n<p>[vc_row css=\u00a0\u00bb.vc_custom_1512734712907{margin-bottom: 30px !important;background-color: #dddddd !important;border-radius: 10px !important;}\u00a0\u00bb el_class=\u00a0\u00bbshadow\u00a0\u00bb][vc_column][vc_custom_heading text=\u00a0\u00bbNews\u00a0\u00bb font_container=\u00a0\u00bbtag:h2|text_align:left|color:%231e73be|line_height:40px\u00a0\u00bb use_theme_fonts=\u00a0\u00bbyes\u00a0\u00bb css=\u00a0\u00bb.vc_custom_1513866273735{padding-right: 20px !important;padding-left: 20px !important;background-color: #ffffff !important;border-radius: 10px !important;}\u00a0\u00bb][vc_wp_posts title=\u00a0\u00bb\u00a0\u00bb number=\u00a0\u00bb5&Prime; show_date=\u00a0\u00bb1&Prime;][\/vc_column][\/vc_row][vc_row css=\u00a0\u00bb.vc_custom_1512734732963{margin-top: 10px !important;background-color: #dddddd !important;border-radius: 10px !important;}\u00a0\u00bb el_class=\u00a0\u00bbshadow\u00a0\u00bb][vc_column][vc_custom_heading text=\u00a0\u00bbTravail d&rsquo;\u00e9quipe, la force du collectif !\u00a0\u00bb font_container=\u00a0\u00bbtag:h2|text_align:left|color:%231e73be|line_height:40px\u00a0\u00bb use_theme_fonts=\u00a0\u00bbyes\u00a0\u00bb css=\u00a0\u00bb.vc_custom_1513866352232{margin-top: 20px !important;padding-right: 20px !important;padding-left: 20px !important;background-color: #ffffff !important;border-radius: 10px !important;}\u00a0\u00bb][vc_video link=\u00a0\u00bbhttps:\/\/www.youtube.com\/watch?v=T3FJivSwveM\u00a0\u00bb el_width=\u00a0\u00bb70&Prime; align=\u00a0\u00bbcenter\u00a0\u00bb css=\u00a0\u00bb.vc_custom_1512734937141{margin-top: 20px !important;}\u00a0\u00bb][\/vc_column][\/vc_row][vc_row gap=\u00a0\u00bb10&Prime; equal_height=\u00a0\u00bbyes\u00a0\u00bb css=\u00a0\u00bb.vc_custom_1512466658938{margin-top: 50px !important;margin-bottom: 50px !important;background-color: rgba(221,153,51,0.3) !important;*background-color: rgb(221,153,51) !important;border-radius: 20px !important;}\u00a0\u00bb el_class=\u00a0\u00bbshadow\u00a0\u00bb][vc_column][vc_custom_heading text=\u00a0\u00bbParutions\u00a0\u00bb font_container=\u00a0\u00bbtag:h2|text_align:left|color:%231e73be|line_height:40px\u00a0\u00bb use_theme_fonts=\u00a0\u00bbyes\u00a0\u00bb css=\u00a0\u00bb.vc_custom_1513866363034{padding-right: 20px !important;padding-left: 20px !important;background-color: #ffffff !important;border-radius: 10px !important;}\u00a0\u00bb]<div class=\"promo_box has_border\"><div class=\"promo_box_wrapper promo_box_left\"><div class=\"photo_wrapper\"><img decoding=\"async\" class=\"scale-with-grid\" src=\"https:\/\/i0.wp.com\/www.pixelsconsulting.com\/wp-content\/uploads\/2017\/06\/livre.png?fit=190%2C288&ssl=1\" alt=\"\" width=\"\" height=\"\"\/><\/div><div class=\"desc_wrapper\"><h2>Je fais des choix et j'assume !: Astuces pour prendre des d\u00e9cisions professionnelles totalement satisfaisantes<\/h2><div class=\"desc\">Un guide pratique et accessible pour apprendre \u00e0 faire des choix en accord avec ses objectifs et ses valeurs !<\/p>\n<p>Nous sommes tous, tout le temps \u2013 et particuli\u00e8rement en ce qui concerne notre carri\u00e8re \u2013, confront\u00e9s \u00e0 des choix, \u00e0 des d\u00e9cisions \u00e0 prendre. Souvent, trancher entre les diff\u00e9rentes options se r\u00e9v\u00e8le une \u00e9preuve ardue, parce que nous avons peur des cons\u00e9quences de nos d\u00e9cisions ou parce que nous regrettons \u00e0 l&rsquo;avance les possibilit\u00e9s perdues lorsque nous renon\u00e7ons \u00e0 une voie pour en emprunter une autre. Pourtant, choisir est in\u00e9vitable. Mieux : choisir est l&rsquo;occasion d&rsquo;avancer sur un chemin professionnel qui nous ressemble.<\/p>\n<p>Ce livre vous aidera \u00e0 :<br \/>\n* Comprendre pourquoi il est si difficile de choisir<br \/>\n* \u00c9couter vos \u00e9motions et votre intuition<br \/>\n* Assumer vos d\u00e9cisions sur la dur\u00e9e<br \/>\n* Et bien plus encore !<\/p>\n<p>Le mot de l&rsquo;\u00e9diteur :<br \/>\n\u00ab Avec l&rsquo;auteure, V\u00e9ronique Vesiez, nous avons voulu replacer la question du choix professionnel dans un cadre plus large, li\u00e9 aux valeurs de chacun et aux objectifs qu&rsquo;il s&rsquo;est fix\u00e9s. Ce petit livre fournit donc astuces et bons conseils pour prendre et appliquer ses d\u00e9cisions en toute connaissance de soi. \u00bb Laure Delacroix<\/div><a href=\"https:\/\/www.amazon.fr\/dp\/2806292972\/ref=sr_1_1?s=books&amp;ie=UTF8&amp;qid=1499961262&amp;sr=1-1\" class=\"button button_left button_theme button_js\" ><span class=\"button_icon\"><i class=\"icon-layout\"><\/i><\/span><span class=\"button_label\">Lien vers AMAZON<\/span><\/a><\/div><\/div><\/div>\n<div class=\"promo_box has_border\"><div class=\"promo_box_wrapper promo_box_left\"><div class=\"photo_wrapper\"><img decoding=\"async\" class=\"scale-with-grid\" src=\"https:\/\/i2.wp.com\/www.pixelsconsulting.com\/wp-content\/uploads\/2017\/06\/livre2.png?fit=303%2C239&ssl=1\" alt=\"\" width=\"\" height=\"\"\/><\/div><div class=\"desc_wrapper\"><h2>Comment pratiquer la m\u00e9ditation au travail ?: Les cl\u00e9s pour des pauses reconstituantes<\/h2><div class=\"desc\">Un guide pratique et accessible pour comprendre comment pratiquer la m\u00e9ditation au travail<\/p>\n<p>Au travail, le stress est omnipr\u00e9sent et vous \u00e9prouvez des difficult\u00e9s \u00e0 vous concentrer ? Vous souhaitez rester efficace tout en adoptant une attitude plus zen ? La pratique de la m\u00e9ditation peut vous apporter une solution, car elle permet de prendre conscience de ses ressentis et d&rsquo;ainsi mieux g\u00e9rer ses \u00e9motions. D&rsquo;ailleurs, de nombreuses entreprises ont choisi d&rsquo;int\u00e9grer la m\u00e9ditation dans l&rsquo;univers professionnel, afin de faire rimer travail avec bien\u00eatre.<\/p>\n<p>Ce livre vous aidera \u00e0 :<br \/>\n* D\u00e9couvrir la m\u00e9ditation et ses nombreux bienfaits<br \/>\n* Disposer de m\u00e9thodes concr\u00e8tes \u00e0 appliquer sur votre lieu de travail<br \/>\n* R\u00e9duire le stress et d\u00e9velopper vos aptitudes (empathie, intuition, innovation)<br \/>\n* Et bien plus encore !<\/p>\n<p>Le mot de l&rsquo;\u00e9diteur :<br \/>\n\u00ab Avec l&rsquo;auteure, V\u00e9ronique Vesiez, nous avons cherch\u00e9 \u00e0 pr\u00e9senter aux lecteurs une s\u00e9rie de conseils pratiques pour se lancer dans la m\u00e9ditation sur son lieu de travail, dans l&rsquo;id\u00e9e de retrouver un bien\u00eatre souvent difficile \u00e0 conserver au quotidien. \u00bb Laure Delacroix<\/p>\n<p>\u00c0 Propos De La S\u00c9Rie 50Minutes | Coaching pro<br \/>\nLa s\u00e9rie \u00ab Coaching pro \u00bb de la collection \u00ab 50Minutes \u00bb s&rsquo;adresse \u00e0 tous ceux qui, en p\u00e9riode de transition ou non, d\u00e9sirent acqu\u00e9rir de nouvelles comp\u00e9tences, r\u00e9agir face \u00e0 une situation qui les incommode, ou tout simplement r\u00e9\u00e9valuer leur \u00e9quilibre de travail. Dans un style simple et dynamique, nos auteurs combinent de la th\u00e9orie, des pistes de r\u00e9flexion, des exemples concrets et des exercices pratiques pour permettre \u00e0 chacun d&rsquo;avancer sur le chemin de l&rsquo;\u00e9panouissement professionnel.<\/div><a href=\"https:\/\/www.amazon.fr\/Comment-pratiquer-m%C3%A9ditation-travail-reconstituantes\/dp\/2806277191\/ref=pd_sbs_14_1?_encoding=UTF8&amp;psc=1&amp;refRID=BZC3GH5PBA5AT9NQD0EQ\" class=\"button button_left button_theme button_js\" ><span class=\"button_icon\"><i class=\"icon-layout\"><\/i><\/span><span class=\"button_label\">Lien vers AMAZON<\/span><\/a><\/div><\/div><\/div>\n[\/vc_column][\/vc_row][vc_row css=\u00a0\u00bb.vc_custom_1512466622853{background-color: rgba(30,115,190,0.3) !important;*background-color: rgb(30,115,190) !important;border-radius: 15px !important;}\u00a0\u00bb el_class=\u00a0\u00bbshadow\u00a0\u00bb][vc_column][vc_custom_heading text=\u00a0\u00bbInterviews\u00a0\u00bb font_container=\u00a0\u00bbtag:h2|text_align:left|color:%231e73be|line_height:40px\u00a0\u00bb use_theme_fonts=\u00a0\u00bbyes\u00a0\u00bb css=\u00a0\u00bb.vc_custom_1513866382249{padding-right: 20px !important;padding-left: 20px !important;background-color: #ffffff !important;border-radius: 10px !important;}\u00a0\u00bb][vc_btn title=\u00a0\u00bbInterview Veronique VESIEZ\u00a0\u00bb color=\u00a0\u00bbprimary\u00a0\u00bb align=\u00a0\u00bbcenter\u00a0\u00bb i_icon_fontawesome=\u00a0\u00bbfa fa-microphone\u00a0\u00bb css_animation=\u00a0\u00bbbounceInDown\u00a0\u00bb button_block=\u00a0\u00bbtrue\u00a0\u00bb add_icon=\u00a0\u00bbtrue\u00a0\u00bb link=\u00a0\u00bburl:https%3A%2F%2Fproductivyou.com%2Fdecouvrir-talents-veronique-069%2F%3Futm_content%3Dbufferbc10e%26utm_medium%3Dsocial%26utm_source%3Dlinkedin.com%26utm_campaign%3Dbuffer|||\u00a0\u00bb][\/vc_column][\/vc_row][vc_row disable_element=\u00a0\u00bbyes\u00a0\u00bb][vc_column][vc_custom_heading text=\u00a0\u00bbTimeline TWITTER\u00a0\u00bb font_container=\u00a0\u00bbtag:h1|text_align:left|color:%231e73be\u00a0\u00bb use_theme_fonts=\u00a0\u00bbyes\u00a0\u00bb][vc_raw_html]JTNDaWZyYW1lJTIwd2lkdGglM0QlMjI1NjAlMjIlMjBoZWlnaHQlM0QlMjIzMTUlMjIlMjBzcmMlM0QlMjJodHRwcyUzQSUyRiUyRnd3dy55b3V0dWJlLmNvbSUyRmVtYmVkJTJGdmlkZW9zZXJpZXMlM0ZsaXN0JTNEUExmRVlpSkhDaFNZX0Q4R0ZUOWFLV1ViMWI5NUNCQzJTaCUyMiUyMGZyYW1lYm9yZGVyJTNEJTIyMCUyMiUyMGdlc3R1cmUlM0QlMjJtZWRpYSUyMiUyMGFsbG93JTNEJTIyZW5jcnlwdGVkLW1lZGlhJTIyJTIwYWxsb3dmdWxsc2NyZWVuJTNFJTNDJTJGaWZyYW1lJTNF[\/vc_raw_html][vc_raw_html el_class=\u00a0\u00bbshadow\u00a0\u00bb]JTNDYSUyMGNsYXNzJTNEJTIydHdpdHRlci10aW1lbGluZSUyMiUyMGhyZWYlM0QlMjJodHRwcyUzQSUyRiUyRnR3aXR0ZXIuY29tJTJGUGl4ZWxzQ29uc3VsdGkxJTNGcmVmX3NyYyUzRHR3c3JjJTI1NUV0ZnclMjIlM0VUd2VldHMlMjBieSUyMFBpeGVsc0NvbnN1bHRpMSUzQyUyRmElM0UlMjAlM0NzY3JpcHQlMjBhc3luYyUyMHNyYyUzRCUyMmh0dHBzJTNBJTJGJTJGcGxhdGZvcm0udHdpdHRlci5jb20lMkZ3aWRnZXRzLmpzJTIyJTIwY2hhcnNldCUzRCUyMnV0Zi04JTIyJTNFJTNDJTJGc2NyaXB0JTNF[\/vc_raw_html][vc_raw_html el_class=\u00a0\u00bbshadow\u00a0\u00bb]JTNDYSUyMGNsYXNzJTNEJTIydHdpdHRlci10aW1lbGluZSUyMiUyMGRhdGEtd2lkdGglM0QlMjIxMDAwJTIyJTIwZGF0YS1kbnQlM0QlMjJ0cnVlJTIyJTIwZGF0YS10aGVtZSUzRCUyMmRhcmslMjIlMjBocmVmJTNEJTIyaHR0cHMlM0ElMkYlMkZ0d2l0dGVyLmNvbSUyRlBpeGVsc0NvbnN1bHRpMSUzRnJlZl9zcmMlM0R0d3NyYyUyNTVFdGZ3JTIyJTNFVHdlZXRzJTIwYnklMjBQaXhlbHNDb25zdWx0aTElM0MlMkZhJTNFJTIwJTNDc2NyaXB0JTIwYXN5bmMlMjBzcmMlM0QlMjJodHRwcyUzQSUyRiUyRnBsYXRmb3JtLnR3aXR0ZXIuY29tJTJGd2lkZ2V0cy5qcyUyMiUyMGNoYXJzZXQlM0QlMjJ1dGYtOCUyMiUzRSUzQyUyRnNjcmlwdCUzRQ==[\/vc_raw_html][\/vc_column][\/vc_row][vc_row disable_element=\u00a0\u00bbyes\u00a0\u00bb][vc_column][vc_custom_heading text=\u00a0\u00bbCHAINE YOUTUBE\u00a0\u00bb font_container=\u00a0\u00bbtag:h1|text_align:left|color:%231e73be\u00a0\u00bb use_theme_fonts=\u00a0\u00bbyes\u00a0\u00bb][vc_raw_html]JTNDaWZyYW1lJTIwd2lkdGglM0QlMjI1NjAlMjIlMjBoZWlnaHQlM0QlMjIzMTUlMjIlMjBzcmMlM0QlMjJodHRwcyUzQSUyRiUyRnd3dy55b3V0dWJlLmNvbSUyRmVtYmVkJTJGdmlkZW9zZXJpZXMlM0ZsaXN0JTNEUExmRVlpSkhDaFNZX0Q4R0ZUOWFLV1ViMWI5NUNCQzJTaCUyMiUyMGZyYW1lYm9yZGVyJTNEJTIyMCUyMiUyMGdlc3R1cmUlM0QlMjJtZWRpYSUyMiUyMGFsbG93JTNEJTIyZW5jcnlwdGVkLW1lZGlhJTIyJTIwYWxsb3dmdWxsc2NyZWVuJTNFJTNDJTJGaWZyYW1lJTNF[\/vc_raw_html][\/vc_column][\/vc_row][vc_row][vc_column][vc_column_text]<\/p>\n<p>[\/vc_column_text][\/vc_column][\/vc_row]<\/p>\n\n<div class=\"twitter-share\"><a href=\"https:\/\/twitter.com\/intent\/tweet?via=PixelsConsulti1\" class=\"twitter-share-button\" data-size=\"large\">Tweet<\/a><\/div>\n","protected":false},"excerpt":{"rendered":"<p>[vc_row css=\u00a0\u00bb.vc_custom_1512734712907{margin-bottom: 30px !important;background-color: #dddddd !important;border-radius: 10px !important;}\u00a0\u00bb el_class=\u00a0\u00bbshadow\u00a0\u00bb][vc_column][vc_custom_heading text=\u00a0\u00bbNews\u00a0\u00bb font_container=\u00a0\u00bbtag:h2|text_align:left|color:%231e73be|line_height:40px\u00a0\u00bb use_theme_fonts=\u00a0\u00bbyes\u00a0\u00bb css=\u00a0\u00bb.vc_custom_1513866273735{padding-right: 20px !important;padding-left: 20px !important;background-color: #ffffff !important;border-radius: 10px !important;}\u00a0\u00bb][vc_wp_posts title=\u00a0\u00bb\u00a0\u00bb number=\u00a0\u00bb5&Prime; show_date=\u00a0\u00bb1&Prime;][\/vc_column][\/vc_row][vc_row css=\u00a0\u00bb.vc_custom_1512734732963{margin-top: 10px [&hellip;]<\/p>\n","protected":false},"author":3,"featured_media":0,"parent":0,"menu_order":0,"comment_status":"closed","ping_status":"closed","template":"","meta":{"spay_email":"","footnotes":""},"yoast_head":"<!-- This site is optimized with the Yoast SEO plugin v14.6 - https:\/\/yoast.com\/wordpress\/plugins\/seo\/ -->\n<title>INSPIRATIONS - PIXELSCONSULTING<\/title>\n<meta name=\"robots\" content=\"index, follow\" \/>\n<meta name=\"googlebot\" content=\"index, follow, max-snippet:-1, max-image-preview:large, max-video-preview:-1\" \/>\n<meta name=\"bingbot\" content=\"index, follow, max-snippet:-1, max-image-preview:large, max-video-preview:-1\" \/>\n<link rel=\"canonical\" href=\"http:\/\/www.pixelsconsulting.com\/index.php\/intervenant\/\" \/>\n<meta property=\"og:locale\" content=\"fr_FR\" \/>\n<meta property=\"og:type\" content=\"article\" \/>\n<meta property=\"og:title\" content=\"INSPIRATIONS\" \/>\n<meta property=\"og:description\" content=\"[vc_row css=\u00a0\u00bb.vc_custom_1512734712907{margin-bottom: 30px !important;background-color: #dddddd !important;border-radius: 10px !important;}\u00a0\u00bb el_class=\u00a0\u00bbshadow\u00a0\u00bb][vc_column][vc_custom_heading text=\u00a0\u00bbNews\u00a0\u00bb font_container=\u00a0\u00bbtag:h2|text_align:left|color:%231e73be|line_height:40px\u00a0\u00bb use_theme_fonts=\u00a0\u00bbyes\u00a0\u00bb css=\u00a0\u00bb.vc_custom_1513866273735{padding-right: 20px !important;padding-left: 20px !important;background-color: #ffffff !important;border-radius: 10px !important;}\u00a0\u00bb][vc_wp_posts title=\u00a0\u00bb\u00a0\u00bb number=\u00a0\u00bb5&Prime; show_date=\u00a0\u00bb1&Prime;][\/vc_column][\/vc_row][vc_row css=\u00a0\u00bb.vc_custom_1512734732963{margin-top: 10px [&hellip;]\" \/>\n<meta property=\"og:url\" content=\"http:\/\/www.pixelsconsulting.com\/index.php\/intervenant\/\" \/>\n<meta property=\"og:site_name\" content=\"PIXELSCONSULTING\" \/>\n<meta property=\"article:modified_time\" content=\"2017-12-21T14:26:56+00:00\" \/>\n<meta name=\"twitter:card\" content=\"summary\" \/>\n<script type=\"application\/ld+json\" class=\"yoast-schema-graph\">{\"@context\":\"https:\/\/schema.org\",\"@graph\":[{\"@type\":\"WebSite\",\"@id\":\"https:\/\/www.pixelsconsulting.com\/#website\",\"url\":\"https:\/\/www.pixelsconsulting.com\/\",\"name\":\"PIXELSCONSULTING\",\"description\":\"\",\"potentialAction\":[{\"@type\":\"SearchAction\",\"target\":\"https:\/\/www.pixelsconsulting.com\/?s={search_term_string}\",\"query-input\":\"required name=search_term_string\"}],\"inLanguage\":\"fr-FR\"},{\"@type\":\"WebPage\",\"@id\":\"http:\/\/www.pixelsconsulting.com\/index.php\/intervenant\/#webpage\",\"url\":\"http:\/\/www.pixelsconsulting.com\/index.php\/intervenant\/\",\"name\":\"INSPIRATIONS - PIXELSCONSULTING\",\"isPartOf\":{\"@id\":\"https:\/\/www.pixelsconsulting.com\/#website\"},\"datePublished\":\"2017-06-08T09:14:00+00:00\",\"dateModified\":\"2017-12-21T14:26:56+00:00\",\"inLanguage\":\"fr-FR\",\"potentialAction\":[{\"@type\":\"ReadAction\",\"target\":[\"http:\/\/www.pixelsconsulting.com\/index.php\/intervenant\/\"]}]}]}<\/script>\n<!-- \/ Yoast SEO plugin. -->","jetpack_sharing_enabled":true,"jetpack_shortlink":"https:\/\/wp.me\/P98Rmm-W7","jetpack-related-posts":[],"jetpack_likes_enabled":true,"_links":{"self":[{"href":"https:\/\/www.pixelsconsulting.com\/index.php\/wp-json\/wp\/v2\/pages\/3603"}],"collection":[{"href":"https:\/\/www.pixelsconsulting.com\/index.php\/wp-json\/wp\/v2\/pages"}],"about":[{"href":"https:\/\/www.pixelsconsulting.com\/index.php\/wp-json\/wp\/v2\/types\/page"}],"author":[{"embeddable":true,"href":"https:\/\/www.pixelsconsulting.com\/index.php\/wp-json\/wp\/v2\/users\/3"}],"replies":[{"embeddable":true,"href":"https:\/\/www.pixelsconsulting.com\/index.php\/wp-json\/wp\/v2\/comments?post=3603"}],"version-history":[{"count":64,"href":"https:\/\/www.pixelsconsulting.com\/index.php\/wp-json\/wp\/v2\/pages\/3603\/revisions"}],"predecessor-version":[{"id":4841,"href":"https:\/\/www.pixelsconsulting.com\/index.php\/wp-json\/wp\/v2\/pages\/3603\/revisions\/4841"}],"wp:attachment":[{"href":"https:\/\/www.pixelsconsulting.com\/index.php\/wp-json\/wp\/v2\/media?parent=3603"}],"curies":[{"name":"wp","href":"https:\/\/api.w.org\/{rel}","templated":true}]}}