{"id":3595,"date":"2017-06-08T10:13:12","date_gmt":"2017-06-08T09:13:12","guid":{"rendered":"http:\/\/www.pixelsconsulting.com\/?page_id=3595"},"modified":"2017-12-20T17:58:39","modified_gmt":"2017-12-20T16:58:39","slug":"approche","status":"publish","type":"page","link":"https:\/\/www.pixelsconsulting.com\/index.php\/approche\/","title":{"rendered":"APPROCHE"},"content":{"rendered":"\n<div class=\"twitter-share\"><a href=\"https:\/\/twitter.com\/intent\/tweet?via=PixelsConsulti1\" class=\"twitter-share-button\" data-size=\"large\">Tweet<\/a><\/div>\n<p>[vc_row css=\u00a0\u00bb.vc_custom_1504477794214{background-color: #f7f7f7 !important;border-radius: 20px !important;}\u00a0\u00bb][vc_column][vc_column_text]<\/p>\n<h1 style=\"text-align: center;\"><strong><span style=\"color: #99cc00;\">Qu&rsquo;est ce que le coaching ?<\/span><\/strong><\/h1>\n<p>[\/vc_column_text][vc_row_inner css=\u00a0\u00bb.vc_custom_1513789116865{margin-top: 20px !important;margin-right: 20px !important;margin-bottom: 20px !important;margin-left: 20px !important;border-top-width: 50px !important;border-right-width: 50px !important;border-bottom-width: 50px !important;border-left-width: 50px !important;padding-top: 10px !important;padding-right: 10px !important;padding-bottom: 10px !important;padding-left: 10px !important;}\u00a0\u00bb el_class=\u00a0\u00bbshadow\u00a0\u00bb][vc_column_inner][vc_column_text css_animation=\u00a0\u00bbtop-to-bottom\u00a0\u00bb]\u00ab\u00a0Le coaching professionnel se d\u00e9finit comme une relation suivie dans une p\u00e9riode d\u00e9finie qui permet au client d\u2019obtenir des r\u00e9sultats concrets et mesurables dans sa vie professionnelle et personnelle. A travers le processus de coaching, le client approfondit ses connaissances et am\u00e9liore ses performances\u00bb, selon ICF France (International Coach Federation).<\/p>\n<p>Le coaching s\u2019inscrit dans une d\u00e9marche de d\u00e9veloppement personnel : c\u2019est un moyen pour apprendre \u00e0 mieux se conna\u00eetre, solutionner des probl\u00e8mes professionnels ou personnels et atteindre ses objectifs.<\/p>\n<p>C\u2019est un travail sur vous et pour vous, qui va vous permettre d\u2019acqu\u00e9rir davantage d\u2019autonomie par rapport \u00e0 votre sujet.<\/p>\n<p>Vous \u00eates l\u2019acteur de votre changement ![\/vc_column_text][\/vc_column_inner][\/vc_row_inner][vc_row_inner][vc_column_inner width=\u00a0\u00bb1\/2&Prime;]<div class=\"fancy_heading fancy_heading_line\"><h1 class=\"title\">Votre Coach n'est pas<\/h1><\/div>\n[vc_column_text]<\/p>\n<ul>\n<li style=\"text-align: left;\">un th\u00e9rapeute<\/li>\n<li style=\"text-align: left;\">un conseiller<\/li>\n<li style=\"text-align: left;\">un formateur<\/li>\n<li style=\"text-align: left;\">un mentor<\/li>\n<\/ul>\n<p>[\/vc_column_text][\/vc_column_inner][vc_column_inner width=\u00a0\u00bb1\/2&Prime;]<div class=\"fancy_heading fancy_heading_line\"><h1 class=\"title\">Votre Coach est<\/h1><\/div>\n[vc_column_text]<\/p>\n<ul>\n<li style=\"text-align: left;\">un miroir<\/li>\n<li style=\"text-align: left;\">un faciliteur<\/li>\n<li style=\"text-align: left;\">un r\u00e9v\u00e9lateur<\/li>\n<li style=\"text-align: left;\">un acc\u00e9l\u00e9rateur<\/li>\n<\/ul>\n<p>[\/vc_column_text][\/vc_column_inner][\/vc_row_inner][\/vc_column][\/vc_row][vc_row css=\u00a0\u00bb.vc_custom_1504477801952{margin-top: 50px !important;background-color: #f7f7f7 !important;border-radius: 20px !important;}\u00a0\u00bb][vc_column][vc_column_text]<\/p>\n<h1 style=\"text-align: center;\"><strong><span style=\"color: #99cc00;\">Notre philosophie du coaching<\/span><\/strong><\/h1>\n<p>[\/vc_column_text][vc_column_text css_animation=\u00a0\u00bbtop-to-bottom\u00a0\u00bb css=\u00a0\u00bb.vc_custom_1513269432616{padding-top: 50px !important;padding-right: 50px !important;padding-bottom: 50px !important;padding-left: 50px !important;}\u00a0\u00bb]Pixels Consulting accompagne les personnes pour les voir grandir et prendre du plaisir dans leurs diff\u00e9rentes activit\u00e9s.<\/p>\n<p>Que ce soit pour atteindre un objectif personnel \/ professionnel ou am\u00e9liorer une situation pr\u00e9sente, nous abordons le coaching comme un processus de <b>co<\/b><b>-construction <\/b>(une fa\u00e7on de r\u00e9fl\u00e9chir et de cheminer ensemble) pour permettre un meilleur \u00e9panouissement.<\/p>\n<p>Nous avons a c\u0153ur de pr\u00e9server une <b>\u00e9cologie personnelle <\/b>qui assure l\u2019atteinte de vos objectifs en toute s\u00e9r\u00e9nit\u00e9.<\/p>\n<p>Il ne s\u2019agit pas de rechercher les causes dans le pass\u00e9 pour comprendre le pr\u00e9sent, mais bien d\u2019\u00e9laborer ensemble vos propres solutions pour construire l\u2019avenir.<\/p>\n<p>En apportant un regard ext\u00e9rieur, nous vous aidons \u00e0 :<\/p>\n<ul>\n<li>prendre conscience de votre situation, de vos repr\u00e9sentations et de vos modes de fonctionnement<\/li>\n<li>sortir de certains jugements vis-\u00e0-vis de vous et des autres<\/li>\n<li>comprendre vos \u00e9motions<\/li>\n<li>identifier vos besoins<\/li>\n<li>rep\u00e9rer vos blocages<\/li>\n<li>d\u00e9finir vos objectifs<\/li>\n<li>acc\u00e9der \u00e0 vos ressources<\/li>\n<li>trouver vos propres solutions<\/li>\n<li>exp\u00e9rimenter<\/li>\n<li>passer \u00e0 l\u2019action<\/li>\n<\/ul>\n<p>En toute bienveillance, dans le respect de votre personnalit\u00e9 et des r\u00e8gles d\u00e9ontologiques ICF France de coaching auxquelles nous adh\u00e9rons, nous avons \u00e0 c\u0153ur de vous guider vers vos aspirations.[\/vc_column_text][vc_btn title=\u00a0\u00bbInterview Veronique VESIEZ\u00a0\u00bb color=\u00a0\u00bbprimary\u00a0\u00bb size=\u00a0\u00bblg\u00a0\u00bb align=\u00a0\u00bbcenter\u00a0\u00bb i_icon_fontawesome=\u00a0\u00bbfa fa-microphone\u00a0\u00bb css_animation=\u00a0\u00bbappear\u00a0\u00bb button_block=\u00a0\u00bbtrue\u00a0\u00bb add_icon=\u00a0\u00bbtrue\u00a0\u00bb link=\u00a0\u00bburl:https%3A%2F%2Fproductivyou.com%2Fdecouvrir-talents-veronique-069%2F%3Futm_content%3Dbufferbc10e%26utm_medium%3Dsocial%26utm_source%3Dlinkedin.com%26utm_campaign%3Dbuffer|title:Interview||\u00a0\u00bb el_class=\u00a0\u00bbshadow\u00a0\u00bb css=\u00a0\u00bb.vc_custom_1512467211946{border-radius: 10px !important;}\u00a0\u00bb][\/vc_column][\/vc_row]<\/p>\n\n<div class=\"twitter-share\"><a href=\"https:\/\/twitter.com\/intent\/tweet?via=PixelsConsulti1\" class=\"twitter-share-button\" data-size=\"large\">Tweet<\/a><\/div>\n","protected":false},"excerpt":{"rendered":"<p>[vc_row css=\u00a0\u00bb.vc_custom_1504477794214{background-color: #f7f7f7 !important;border-radius: 20px !important;}\u00a0\u00bb][vc_column][vc_column_text] Qu&rsquo;est ce que le coaching ? [\/vc_column_text][vc_row_inner css=\u00a0\u00bb.vc_custom_1513789116865{margin-top: 20px !important;margin-right: 20px !important;margin-bottom: 20px !important;margin-left: 20px !important;border-top-width: 50px !important;border-right-width: 50px !important;border-bottom-width: [&hellip;]<\/p>\n","protected":false},"author":3,"featured_media":0,"parent":0,"menu_order":0,"comment_status":"closed","ping_status":"closed","template":"","meta":{"spay_email":"","footnotes":""},"yoast_head":"<!-- This site is optimized with the Yoast SEO plugin v14.6 - https:\/\/yoast.com\/wordpress\/plugins\/seo\/ -->\n<title>APPROCHE - PIXELSCONSULTING<\/title>\n<meta name=\"robots\" content=\"index, follow\" \/>\n<meta name=\"googlebot\" content=\"index, follow, max-snippet:-1, max-image-preview:large, max-video-preview:-1\" \/>\n<meta name=\"bingbot\" content=\"index, follow, max-snippet:-1, max-image-preview:large, max-video-preview:-1\" \/>\n<link rel=\"canonical\" href=\"http:\/\/www.pixelsconsulting.com\/index.php\/approche\/\" \/>\n<meta property=\"og:locale\" content=\"fr_FR\" \/>\n<meta property=\"og:type\" content=\"article\" \/>\n<meta property=\"og:title\" content=\"APPROCHE\" \/>\n<meta property=\"og:description\" content=\"[vc_row css=\u00a0\u00bb.vc_custom_1504477794214{background-color: #f7f7f7 !important;border-radius: 20px !important;}\u00a0\u00bb][vc_column][vc_column_text] Qu&rsquo;est ce que le coaching ? [\/vc_column_text][vc_row_inner css=\u00a0\u00bb.vc_custom_1513789116865{margin-top: 20px !important;margin-right: 20px !important;margin-bottom: 20px !important;margin-left: 20px !important;border-top-width: 50px !important;border-right-width: 50px !important;border-bottom-width: [&hellip;]\" \/>\n<meta property=\"og:url\" content=\"http:\/\/www.pixelsconsulting.com\/index.php\/approche\/\" \/>\n<meta property=\"og:site_name\" content=\"PIXELSCONSULTING\" \/>\n<meta property=\"article:modified_time\" content=\"2017-12-20T16:58:39+00:00\" \/>\n<meta name=\"twitter:card\" content=\"summary\" \/>\n<script type=\"application\/ld+json\" class=\"yoast-schema-graph\">{\"@context\":\"https:\/\/schema.org\",\"@graph\":[{\"@type\":\"WebSite\",\"@id\":\"https:\/\/www.pixelsconsulting.com\/#website\",\"url\":\"https:\/\/www.pixelsconsulting.com\/\",\"name\":\"PIXELSCONSULTING\",\"description\":\"\",\"potentialAction\":[{\"@type\":\"SearchAction\",\"target\":\"https:\/\/www.pixelsconsulting.com\/?s={search_term_string}\",\"query-input\":\"required name=search_term_string\"}],\"inLanguage\":\"fr-FR\"},{\"@type\":\"WebPage\",\"@id\":\"http:\/\/www.pixelsconsulting.com\/index.php\/approche\/#webpage\",\"url\":\"http:\/\/www.pixelsconsulting.com\/index.php\/approche\/\",\"name\":\"APPROCHE - PIXELSCONSULTING\",\"isPartOf\":{\"@id\":\"https:\/\/www.pixelsconsulting.com\/#website\"},\"datePublished\":\"2017-06-08T09:13:12+00:00\",\"dateModified\":\"2017-12-20T16:58:39+00:00\",\"inLanguage\":\"fr-FR\",\"potentialAction\":[{\"@type\":\"ReadAction\",\"target\":[\"http:\/\/www.pixelsconsulting.com\/index.php\/approche\/\"]}]}]}<\/script>\n<!-- \/ Yoast SEO plugin. -->","jetpack_sharing_enabled":true,"jetpack_shortlink":"https:\/\/wp.me\/P98Rmm-VZ","jetpack-related-posts":[],"jetpack_likes_enabled":true,"_links":{"self":[{"href":"https:\/\/www.pixelsconsulting.com\/index.php\/wp-json\/wp\/v2\/pages\/3595"}],"collection":[{"href":"https:\/\/www.pixelsconsulting.com\/index.php\/wp-json\/wp\/v2\/pages"}],"about":[{"href":"https:\/\/www.pixelsconsulting.com\/index.php\/wp-json\/wp\/v2\/types\/page"}],"author":[{"embeddable":true,"href":"https:\/\/www.pixelsconsulting.com\/index.php\/wp-json\/wp\/v2\/users\/3"}],"replies":[{"embeddable":true,"href":"https:\/\/www.pixelsconsulting.com\/index.php\/wp-json\/wp\/v2\/comments?post=3595"}],"version-history":[{"count":44,"href":"https:\/\/www.pixelsconsulting.com\/index.php\/wp-json\/wp\/v2\/pages\/3595\/revisions"}],"predecessor-version":[{"id":4824,"href":"https:\/\/www.pixelsconsulting.com\/index.php\/wp-json\/wp\/v2\/pages\/3595\/revisions\/4824"}],"wp:attachment":[{"href":"https:\/\/www.pixelsconsulting.com\/index.php\/wp-json\/wp\/v2\/media?parent=3595"}],"curies":[{"name":"wp","href":"https:\/\/api.w.org\/{rel}","templated":true}]}}